{"id":717,"date":"2024-01-30T08:48:12","date_gmt":"2024-01-30T08:48:12","guid":{"rendered":"https:\/\/clickclock.work\/rreth-nesh\/"},"modified":"2025-11-11T12:49:35","modified_gmt":"2025-11-11T12:49:35","slug":"rreth-nesh","status":"publish","type":"page","link":"https:\/\/clickclock.work\/sq\/rreth-nesh\/","title":{"rendered":"Rreth Nesh"},"content":{"rendered":"\n<div class=\"wp-block-columns is-layout-flex wp-container-core-columns-is-layout-9d6595d7 wp-block-columns-is-layout-flex\">\n<div class=\"wp-block-column has-blue-background-color has-background is-layout-flow wp-block-column-is-layout-flow\">\n<div class=\"wp-block-columns container j_center is-layout-flex wp-container-core-columns-is-layout-9d6595d7 wp-block-columns-is-layout-flex\">\n<div class=\"wp-block-column is-layout-flow wp-block-column-is-layout-flow\" style=\"flex-basis:100%\">\n<div style=\"height:125px\" aria-hidden=\"true\" class=\"wp-block-spacer rd_space\"><\/div>\n\n\n\n<h1 class=\"wp-block-heading has-white-color has-text-color has-link-color wp-elements-bf6f41e9f62c5bc7183fc3043c503be3\">Rreth Nesh<\/h1>\n\n\n\n<div style=\"height:30px\" aria-hidden=\"true\" class=\"wp-block-spacer\"><\/div>\n\n\n\n<p class=\"has-white-color has-text-color has-link-color wp-elements-e0a37c4744dfc55cf780e1a63da67bec\">N\u00eb ClickClock, ne jemi t\u00eb p\u00ebrkushtuar p\u00ebr t\u00eb ofruar zgjidhje inovative q\u00eb i p\u00ebrshtaten nevojave tuaja. Me nj\u00eb ekip ekspert\u00ebsh t\u00eb p\u00ebrkushtuar, ne synojm\u00eb t\u00eb tejkalojm\u00eb pritshm\u00ebrit\u00eb dhe t\u00eb ofrojm\u00eb sh\u00ebrbim t\u00eb shk\u00eblqyer n\u00eb regjistrimin dixhital t\u00eb koh\u00ebs.<\/p>\n\n\n\n<div style=\"height:30px\" aria-hidden=\"true\" class=\"wp-block-spacer\"><\/div>\n\n\n\n<div class=\"wp-block-buttons is-layout-flex wp-block-buttons-is-layout-flex\">\n<div class=\"wp-block-button is-style-outline is-style-outline--1\"><a class=\"wp-block-button__link has-white-color has-text-color has-background has-link-color wp-element-button\" href=\"#uu_see_more\" style=\"border-radius:10px;background-color:#ffffff00\">Zbuloni m\u00eb shum\u00eb<\/a><\/div>\n<\/div>\n\n\n\n<div style=\"height:85px\" aria-hidden=\"true\" class=\"wp-block-spacer\"><\/div>\n<\/div>\n<\/div>\n<\/div>\n<\/div>\n\n<div style=\"height:90px\" aria-hidden=\"true\" class=\"wp-block-spacer\"><\/div>\n\n<div id=\"uu_see_more\"><\/div>\n\n<div class=\"wp-block-columns container wide-gap align-center is-layout-flex wp-container-core-columns-is-layout-9d6595d7 wp-block-columns-is-layout-flex\">\n<div class=\"wp-block-column is-layout-flow wp-block-column-is-layout-flow\" style=\"flex-basis:70%\">\n<h3 class=\"wp-block-heading has-dark-blue-color has-text-color has-link-color wp-elements-9756ebad73dfec17cee022c7905f7e8b\">ClickClock<\/h3>\n\n\n\n<div style=\"height:35px\" aria-hidden=\"true\" class=\"wp-block-spacer\"><\/div>\n\n\n\n<p>Softueri yn\u00eb p\u00ebr regjistrimin e koh\u00ebs \u00ebsht\u00eb zhvilluar p\u00ebr t\u00eb revolucionarizuar bot\u00ebn e pun\u00ebs n\u00eb vendet DACH.<\/p>\n\n\n\n<div style=\"height:20px\" aria-hidden=\"true\" class=\"wp-block-spacer\"><\/div>\n\n\n\n<p class=\"has-dark-blue-color has-text-color has-link-color wp-elements-fa7ed2a393490c02b0056f589f5e433f\">S\u00eb bashku, ne kemi vizionin p\u00ebr t\u2019ju ofruar kompanive n\u00eb Gjermani, Austri dhe Zvic\u00ebr nj\u00eb zgjidhje inovative dhe efikase p\u00ebr regjistrimin e koh\u00ebs. Zhvilluesit dhe ekspert\u00ebt tan\u00eb kan\u00eb bashkuar fuqit\u00eb e tyre p\u00ebr ta b\u00ebr\u00eb ClickClock nj\u00eb nga softuer\u00ebt udh\u00ebheq\u00ebs p\u00ebr regjistrimin e koh\u00ebs.<\/p>\n<\/div>\n\n\n\n<div class=\"wp-block-column is-layout-flow wp-block-column-is-layout-flow\" style=\"flex-basis:40%\">\n<figure class=\"wp-block-image size-full\"><img decoding=\"async\" width=\"428\" height=\"408\" src=\"https:\/\/clickclock.ch\/wp-content\/uploads\/2024\/02\/ueber_uns_clickclock.png\" alt=\"rreth_nesh_clickclock\" class=\"wp-image-227\" srcset=\"https:\/\/clickclock.work\/wp-content\/uploads\/2024\/02\/ueber_uns_clickclock.png 428w, https:\/\/clickclock.work\/wp-content\/uploads\/2024\/02\/ueber_uns_clickclock-300x286.png 300w\" sizes=\"(max-width: 428px) 100vw, 428px\" \/><\/figure>\n<\/div>\n<\/div>\n\n<div style=\"height:140px\" aria-hidden=\"true\" class=\"wp-block-spacer rd_large_space\"><\/div>\n\n<div class=\"wp-block-columns container j_center is-layout-flex wp-container-core-columns-is-layout-9d6595d7 wp-block-columns-is-layout-flex\">\n<div class=\"wp-block-column is-layout-flow wp-block-column-is-layout-flow\" style=\"flex-basis:1100px\">\n<h3 class=\"wp-block-heading has-text-align-center has-dark-blue-color has-text-color has-link-color wp-elements-fbe9b8362474aa89adfe42f89a22b76c\">Misioni yn\u00eb<\/h3>\n\n\n\n<div style=\"height:35px\" aria-hidden=\"true\" class=\"wp-block-spacer\"><\/div>\n\n\n\n<p class=\"has-text-align-center\">Misioni yn\u00eb n\u00eb ClickClock \u00ebsht\u00eb t\u2019ju mb\u00ebshtesim si freelancer ose si kompani p\u00ebr t\u00eb menaxhuar koh\u00ebn tuaj t\u00eb pun\u00ebs n\u00eb m\u00ebnyr\u00eb t\u00eb qart\u00eb, efikase dhe miq\u00ebsore p\u00ebr p\u00ebrdoruesin. Ne duam t\u00eb p\u00ebrmir\u00ebsojm\u00eb rrjedh\u00ebn tuaj t\u00eb pun\u00ebs, t\u00eb rrisim produktivitetin tuaj dhe t\u2019ju ndihmojm\u00eb t\u00eb p\u00ebrballoni sfidat e p\u00ebrditshme n\u00eb mjediset moderne t\u00eb pun\u00ebs. Me ClickClock, mund t\u00eb regjistroni <strong>koh\u00ebn e pun\u00ebs<\/strong> s\u00eb punonj\u00ebsve tuaj pa <strong>mundim <\/strong>n\u00eb cloud, pavar\u00ebsisht nga vendndodhja e tyre. Kjo e b\u00ebn menaxhimin e koh\u00ebs suaj t\u00eb pun\u00ebs duksh\u00ebm m\u00eb t\u00eb thjesht\u00eb, pasi nuk k\u00ebrkohet m\u00eb vendosja manuale e t\u00eb dh\u00ebnave.<\/p>\n\n\n\n<div style=\"height:50px\" aria-hidden=\"true\" class=\"wp-block-spacer rd_large_space\"><\/div>\n<\/div>\n<\/div>\n\n<div class=\"wp-block-columns aup_has_bg_shape is-layout-flex wp-container-core-columns-is-layout-9d6595d7 wp-block-columns-is-layout-flex\">\n<div class=\"wp-block-column is-layout-flow wp-block-column-is-layout-flow\">\n<div class=\"wp-block-columns container is-layout-flex wp-container-core-columns-is-layout-9d6595d7 wp-block-columns-is-layout-flex\">\n<div class=\"wp-block-column is-layout-flow wp-block-column-is-layout-flow\">\n<div class=\"wp-block-columns align-center wide-gap is-layout-flex wp-container-core-columns-is-layout-9d6595d7 wp-block-columns-is-layout-flex\">\n<div class=\"wp-block-column is-layout-flow wp-block-column-is-layout-flow\">\n<h3 class=\"wp-block-heading\">Pse ClickClock:<\/h3>\n\n\n\n<div style=\"height:38px\" aria-hidden=\"true\" class=\"wp-block-spacer\"><\/div>\n\n\n\n<ul style=\"font-size:20px\" class=\"warum_cc has-dark-blue-color has-text-color has-link-color wp-block-list wp-elements-363fd06473fdbd410d18d7c96fe28d60\">\n<li>Inovacioni: ClickClock sjell nj\u00eb frym\u00eb t\u00eb fresk\u00ebt n\u00eb regjistrimin e koh\u00ebs. Me funksione inovative dhe nj\u00eb nd\u00ebrfaqe intuitive, ne i b\u00ebjm\u00eb kompanis\u00eb tuaj m\u00eb t\u00eb leht\u00eb menaxhimin e koh\u00ebs s\u00eb pun\u00ebs.<\/li>\n\n\n\n<li>Fleksibilitet: Softueri yn\u00eb \u00ebsht\u00eb i p\u00ebrshtatsh\u00ebm p\u00ebr kompani t\u00eb \u00e7do madh\u00ebsie. Pavar\u00ebsisht n\u00ebse jeni nj\u00eb biznes i vog\u00ebl apo nj\u00eb kompani e madhe \u2013 ClickClock p\u00ebrshtatet me k\u00ebrkesat tuaja.<\/li>\n<\/ul>\n<\/div>\n\n\n\n<div class=\"wp-block-column is-layout-flow wp-block-column-is-layout-flow\">\n<figure class=\"wp-block-image size-full\"><img decoding=\"async\" width=\"585\" height=\"663\" src=\"https:\/\/clickclock.ch\/wp-content\/uploads\/2024\/02\/warum_clickclock.png\" alt=\"\" class=\"wp-image-248\" srcset=\"https:\/\/clickclock.work\/wp-content\/uploads\/2024\/02\/warum_clickclock.png 585w, https:\/\/clickclock.work\/wp-content\/uploads\/2024\/02\/warum_clickclock-265x300.png 265w\" sizes=\"(max-width: 585px) 100vw, 585px\" \/><\/figure>\n<\/div>\n<\/div>\n<\/div>\n<\/div>\n<\/div>\n<\/div>\n\n<div class=\"wp-block-columns container j_center is-layout-flex wp-container-core-columns-is-layout-9d6595d7 wp-block-columns-is-layout-flex\">\n<div class=\"wp-block-column is-layout-flow wp-block-column-is-layout-flow\" style=\"flex-basis:1100px\">\n<div style=\"height:150px\" aria-hidden=\"true\" class=\"wp-block-spacer rd_large_space\"><\/div>\n\n\n\n<h3 class=\"wp-block-heading has-text-align-center has-dark-blue-color has-text-color has-link-color wp-elements-54c67a597535ec312b174632fbb148a3\">Ekipi yn\u00eb<\/h3>\n\n\n\n<div style=\"height:35px\" aria-hidden=\"true\" class=\"wp-block-spacer\"><\/div>\n\n\n\n<p class=\"has-text-align-center\">ClickClock p\u00ebrb\u00ebhet nga nj\u00eb ekip i p\u00ebrkushtuar zhvilluesish, ekspert\u00ebsh p\u00ebr regjistrimin e koh\u00ebs dhe mb\u00ebshtetje p\u00ebr klient\u00ebt. S\u00eb bashku ne punojm\u00eb p\u00ebr t\u00eb p\u00ebrmir\u00ebsuar vazhdimisht softuerin p\u00ebr t\u00eb p\u00ebrmbushur nevojat e klient\u00ebve tan\u00eb.<\/p>\n\n\n\n<div style=\"height:100px\" aria-hidden=\"true\" class=\"wp-block-spacer\"><\/div>\n<\/div>\n<\/div>\n\n<div class=\"wp-block-columns is-layout-flex wp-container-core-columns-is-layout-9d6595d7 wp-block-columns-is-layout-flex\">\n<div class=\"wp-block-column is-layout-flow wp-block-column-is-layout-flow\">\n<div class=\"wp-block-columns container team no_gap is-layout-flex wp-container-core-columns-is-layout-9d6595d7 wp-block-columns-is-layout-flex\">\n<div class=\"wp-block-column team_image is-layout-flow wp-block-column-is-layout-flow\" style=\"flex-basis:33.33%\">\n<figure class=\"wp-block-image size-full\"><img decoding=\"async\" width=\"392\" height=\"280\" src=\"https:\/\/clickclock.ch\/wp-content\/uploads\/2024\/02\/team_clickservice.jpg\" alt=\"\" class=\"wp-image-269\" srcset=\"https:\/\/clickclock.work\/wp-content\/uploads\/2024\/02\/team_clickservice.jpg 392w, https:\/\/clickclock.work\/wp-content\/uploads\/2024\/02\/team_clickservice-300x214.jpg 300w\" sizes=\"(max-width: 392px) 100vw, 392px\" \/><\/figure>\n<\/div>\n\n\n\n<div class=\"wp-block-column team_content is-layout-flow wp-block-column-is-layout-flow\" style=\"flex-basis:66.66%\">\n<h4 class=\"wp-block-heading\">Rreth Clickservice GmbH<\/h4>\n\n\n\n<div style=\"height:20px\" aria-hidden=\"true\" class=\"wp-block-spacer\"><\/div>\n\n\n\n<p>Clickservice GmbH \u00ebsht\u00eb nj\u00eb kompani e shum\u00ebanshme, e cila jo vet\u00ebm q\u00eb zot\u00ebron zhvillimin e softuer\u00ebve, por vepron edhe si nj\u00eb agjenci e-commerce. Me nj\u00eb gam\u00eb t\u00eb gjer\u00eb sh\u00ebrbimesh, p\u00ebrfshir\u00eb zhvillimin e uebit, dizajnin e uebit, SEO, QA &amp; testim, si dhe asistenc\u00eb virtuale, Clickservice ofron zgjidhje gjith\u00ebp\u00ebrfshir\u00ebse p\u00ebr nevojat dixhitale.<\/p>\n\n\n\n<div style=\"height:25px\" aria-hidden=\"true\" class=\"wp-block-spacer\"><\/div>\n\n\n\n<p>Ekspertiza p\u00ebrfshin fusha t\u00eb ndryshme, me fokus n\u00eb zhvillimin e produkteve softuerike t\u00eb personalizuara dhe ndihm\u00ebn e kompanive p\u00ebr t\u00eb optimizuar pranin\u00eb e tyre n\u00eb internet dhe proceset e biznesit.<\/p>\n<\/div>\n<\/div>\n\n\n\n<div style=\"height:120px\" aria-hidden=\"true\" class=\"wp-block-spacer rd_large_space\"><\/div>\n\n\n\n<div class=\"wp-block-columns container team no_gap bow is-layout-flex wp-container-core-columns-is-layout-9d6595d7 wp-block-columns-is-layout-flex\">\n<div class=\"wp-block-column team_image is-layout-flow wp-block-column-is-layout-flow\" style=\"flex-basis:33.33%\">\n<figure class=\"wp-block-image size-full\"><img decoding=\"async\" width=\"669\" height=\"299\" src=\"https:\/\/clickclock.ch\/wp-content\/uploads\/2024\/02\/team_it_t.png\" alt=\"ekipi_it_t\" class=\"wp-image-282\" srcset=\"https:\/\/clickclock.work\/wp-content\/uploads\/2024\/02\/team_it_t.png 669w, https:\/\/clickclock.work\/wp-content\/uploads\/2024\/02\/team_it_t-300x134.png 300w\" sizes=\"(max-width: 669px) 100vw, 669px\" \/><\/figure>\n<\/div>\n\n\n\n<div class=\"wp-block-column team_content bow_it_t is-layout-flow wp-block-column-is-layout-flow\" style=\"flex-basis:66.66%\">\n<h4 class=\"wp-block-heading\">Rreth BOW IT&amp;T GmbH<\/h4>\n\n\n\n<div style=\"height:20px\" aria-hidden=\"true\" class=\"wp-block-spacer\"><\/div>\n\n\n\n<p>BOW IT&amp;T GmbH \u00ebsht\u00eb partneri juaj p\u00ebr zgjidhje t\u00eb p\u00ebrshtatura IT dhe sh\u00ebrbime inovative n\u00eb fushat e drejtimit n\u00eb internet, zgjidhjeve cloud, sh\u00ebrbimeve backup, ruajtjes n\u00eb cloud dhe zhvillimit t\u00eb uebit. Nga koncepti ose problemi deri te aplikacioni i implementuar, BOW IT&amp;T GmbH ju shoq\u00ebron gjat\u00eb gjith\u00eb procesit.<\/p>\n\n\n\n<div style=\"height:25px\" aria-hidden=\"true\" class=\"wp-block-spacer\"><\/div>\n\n\n\n<p>Si nj\u00eb ekspert n\u00eb inovacionet dixhitale, BOW IT&amp;T GmbH ofron zgjidhje t\u00eb personalizuara q\u00eb jan\u00eb t\u00eb p\u00ebrshtatura p\u00ebr nevojat individuale t\u00eb kompanis\u00eb suaj.<\/p>\n<\/div>\n<\/div>\n\n\n\n<div style=\"height:80px\" aria-hidden=\"true\" class=\"wp-block-spacer\"><\/div>\n<\/div>\n<\/div>\n\n<div class=\"wp-block-buttons is-content-justification-center is-layout-flex wp-container-core-buttons-is-layout-16018d1d wp-block-buttons-is-layout-flex\">\n<div class=\"wp-block-button\"><a class=\"wp-block-button__link has-white-color has-magenta-background-color has-text-color has-background has-link-color wp-element-button\" href=\"https:\/\/clickclock.work\/sq\/kontakt\/\" style=\"border-radius:10px\">Na kontaktoni<\/a><\/div>\n<\/div>\n\n<div style=\"height:120px\" aria-hidden=\"true\" class=\"wp-block-spacer\"><\/div>\n\n<div class=\"wp-block-columns faq uu is-layout-flex wp-container-core-columns-is-layout-9d6595d7 wp-block-columns-is-layout-flex\">\n<div class=\"wp-block-column is-layout-flow wp-block-column-is-layout-flow\">\n<div class=\"wp-block-columns container j_center is-layout-flex wp-container-core-columns-is-layout-9d6595d7 wp-block-columns-is-layout-flex\">\n<div class=\"wp-block-column is-layout-flow wp-block-column-is-layout-flow\" style=\"flex-basis:1100px\">\n<h2 class=\"wp-block-heading has-text-align-center has-dark-blue-color has-text-color has-link-color wp-elements-d97b6f255be88768a8e521a212ab15e4\">Pyetjet e shpeshta<\/h2>\n\n\n\n<div style=\"height:53px\" aria-hidden=\"true\" class=\"wp-block-spacer\"><\/div>\n\n\n\n<div class=\"faq_container\">\n<div class=\"faq-item\">\n     <div class=\"question\"><p>Si mund ta instaloj ClickClock n\u00eb pajisjet e mia?<\/p><\/div>\n     <div class=\"answer\">\n          <p>ClickClock nuk k\u00ebrkon instalim n\u00eb pajisjet tuaja. Ju mund t\u00eb regjistroheni thjesht p\u00ebrmes faqes son\u00eb t\u00eb internetit dhe t\u00eb filloni menj\u00ebher\u00eb me regjistrimin efikas t\u00eb koh\u00ebs.<\/p>\n     <\/div>\n<\/div>\n\n<div class=\"faq-item\">\n     <div class=\"question\"><p>Si mund t\u00eb regjistrohem n\u00eb ClickClock?<\/p><\/div>\n     <div class=\"answer\">\n          <p>Regjistrimi me ClickClock \u00ebsht\u00eb i thjesht\u00eb. Vizitoni faqen ton\u00eb t\u00eb internetit, klikoni &#8220;Identifikohu&#8221; dhe ndiqni hapat e thjesht\u00eb p\u00ebr t\u00eb krijuar llogarin\u00eb tuaj.<\/p>\n     <\/div>\n <\/div>\n\n<div class=\"faq-item\">\n     <div class=\"question\"><p>A funksionon ClickClock n\u00eb pajisjet celulare?<\/p><\/div>\n     <div class=\"answer\">\n          <p>Po, ClickClock \u00ebsht\u00eb i p\u00ebrshtatsh\u00ebm p\u00ebr celularin Ju mund t\u00eb p\u00ebrdorni regjistrimin e koh\u00ebs n\u00eb m\u00ebnyr\u00eb t\u00eb rehatshme p\u00ebrmes aplikacionit ton\u00eb mobil dhe t\u00eb punoni n\u00eb m\u00ebnyr\u00eb fleksibile nga kudo.<\/p>\n     <\/div>\n <\/div>\n<div class=\"faq-item\">\n     <div class=\"question\"><p>A mund t\u00eb ndaj koh\u00ebn e pun\u00ebs s\u00eb punonj\u00ebsve t\u00eb mi sipas projekteve?<\/p><\/div>\n     <div class=\"answer\">\n          <p>Sigurisht. Me ClickClock ju mund t\u00eb strukturoni leht\u00ebsisht or\u00ebt e pun\u00ebs s\u00eb punonj\u00ebsve tuaj sipas projektit, duke mund\u00ebsuar menaxhim efektiv t\u00eb burimeve dhe analiz\u00eb t\u00eb detajuar t\u00eb projektit.<\/p>\n     <\/div>\n <\/div>\n<div class=\"faq-item\">\n     <div class=\"question\"><p>\u00c7far\u00eb mb\u00ebshtetjeje mund t\u00eb marr p\u00ebr pyetje ose probleme teknike?<\/p><\/div>\n     <div class=\"answer\">\n          <p>Ekipi yn\u00eb mb\u00ebshtet\u00ebs \u00ebsht\u00eb n\u00eb dispozicionin tuaj. Ju mund t\u00eb na kontaktoni p\u00ebrmes chat-it live, email-it ose telefonit p\u00ebr t\u00eb marr\u00eb ndihm\u00eb lidhur me pyetje teknike ose probleme n\u00eb p\u00ebrdorim.<\/p>\n     <\/div>\n <\/div>\n<\/div>\n<\/div>\n<\/div>\n<\/div>\n<\/div>\n\n<div style=\"height:70px\" aria-hidden=\"true\" class=\"wp-block-spacer\"><\/div>\n","protected":false},"excerpt":{"rendered":"<p>Rreth Nesh N\u00eb ClickClock, ne jemi t\u00eb p\u00ebrkushtuar p\u00ebr t\u00eb ofruar zgjidhje inovative q\u00eb i p\u00ebrshtaten nevojave tuaja. Me nj\u00eb ekip ekspert\u00ebsh t\u00eb p\u00ebrkushtuar, ne synojm\u00eb t\u00eb tejkalojm\u00eb pritshm\u00ebrit\u00eb dhe t\u00eb ofrojm\u00eb sh\u00ebrbim t\u00eb shk\u00eblqyer n\u00eb regjistrimin dixhital t\u00eb koh\u00ebs. ClickClock Softueri yn\u00eb p\u00ebr regjistrimin e koh\u00ebs \u00ebsht\u00eb zhvilluar p\u00ebr t\u00eb revolucionarizuar bot\u00ebn e pun\u00ebs [&hellip;]<\/p>\n","protected":false},"author":1,"featured_media":0,"parent":0,"menu_order":0,"comment_status":"closed","ping_status":"closed","template":"homepage.php","meta":{"footnotes":""},"class_list":["post-717","page","type-page","status-publish","hentry"],"yoast_head":"<!-- This site is optimized with the Yoast SEO plugin v27.5 - https:\/\/yoast.com\/product\/yoast-seo-wordpress\/ -->\n<title>Rreth Nesh - ClickClock<\/title>\n<meta name=\"robots\" content=\"index, follow, max-snippet:-1, max-image-preview:large, max-video-preview:-1\" \/>\n<link rel=\"canonical\" href=\"https:\/\/clickclock.work\/sq\/rreth-nesh\/\" \/>\n<meta property=\"og:locale\" content=\"sq_AL\" \/>\n<meta property=\"og:type\" content=\"article\" \/>\n<meta property=\"og:title\" content=\"Rreth Nesh - ClickClock\" \/>\n<meta property=\"og:description\" content=\"Rreth Nesh N\u00eb ClickClock, ne jemi t\u00eb p\u00ebrkushtuar p\u00ebr t\u00eb ofruar zgjidhje inovative q\u00eb i p\u00ebrshtaten nevojave tuaja. Me nj\u00eb ekip ekspert\u00ebsh t\u00eb p\u00ebrkushtuar, ne synojm\u00eb t\u00eb tejkalojm\u00eb pritshm\u00ebrit\u00eb dhe t\u00eb ofrojm\u00eb sh\u00ebrbim t\u00eb shk\u00eblqyer n\u00eb regjistrimin dixhital t\u00eb koh\u00ebs. ClickClock Softueri yn\u00eb p\u00ebr regjistrimin e koh\u00ebs \u00ebsht\u00eb zhvilluar p\u00ebr t\u00eb revolucionarizuar bot\u00ebn e pun\u00ebs [&hellip;]\" \/>\n<meta property=\"og:url\" content=\"https:\/\/clickclock.work\/sq\/rreth-nesh\/\" \/>\n<meta property=\"og:site_name\" content=\"ClickClock\" \/>\n<meta property=\"article:modified_time\" content=\"2025-11-11T12:49:35+00:00\" \/>\n<meta property=\"og:image\" content=\"https:\/\/clickclock.work\/wp-content\/uploads\/2024\/02\/ueber_uns_clickclock.png\" \/>\n\t<meta property=\"og:image:width\" content=\"428\" \/>\n\t<meta property=\"og:image:height\" content=\"408\" \/>\n\t<meta property=\"og:image:type\" content=\"image\/png\" \/>\n<meta name=\"twitter:card\" content=\"summary_large_image\" \/>\n<meta name=\"twitter:label1\" content=\"Est. reading time\" \/>\n\t<meta name=\"twitter:data1\" content=\"4 minutes\" \/>\n<script type=\"application\/ld+json\" class=\"yoast-schema-graph\">{\"@context\":\"https:\\\/\\\/schema.org\",\"@graph\":[{\"@type\":\"WebPage\",\"@id\":\"https:\\\/\\\/clickclock.work\\\/sq\\\/rreth-nesh\\\/\",\"url\":\"https:\\\/\\\/clickclock.work\\\/sq\\\/rreth-nesh\\\/\",\"name\":\"Rreth Nesh - ClickClock\",\"isPartOf\":{\"@id\":\"https:\\\/\\\/clickclock.work\\\/#website\"},\"primaryImageOfPage\":{\"@id\":\"https:\\\/\\\/clickclock.work\\\/sq\\\/rreth-nesh\\\/#primaryimage\"},\"image\":{\"@id\":\"https:\\\/\\\/clickclock.work\\\/sq\\\/rreth-nesh\\\/#primaryimage\"},\"thumbnailUrl\":\"https:\\\/\\\/clickclock.ch\\\/wp-content\\\/uploads\\\/2024\\\/02\\\/ueber_uns_clickclock.png\",\"datePublished\":\"2024-01-30T08:48:12+00:00\",\"dateModified\":\"2025-11-11T12:49:35+00:00\",\"breadcrumb\":{\"@id\":\"https:\\\/\\\/clickclock.work\\\/sq\\\/rreth-nesh\\\/#breadcrumb\"},\"inLanguage\":\"sq-AL\",\"potentialAction\":[{\"@type\":\"ReadAction\",\"target\":[\"https:\\\/\\\/clickclock.work\\\/sq\\\/rreth-nesh\\\/\"]}]},{\"@type\":\"ImageObject\",\"inLanguage\":\"sq-AL\",\"@id\":\"https:\\\/\\\/clickclock.work\\\/sq\\\/rreth-nesh\\\/#primaryimage\",\"url\":\"https:\\\/\\\/clickclock.ch\\\/wp-content\\\/uploads\\\/2024\\\/02\\\/ueber_uns_clickclock.png\",\"contentUrl\":\"https:\\\/\\\/clickclock.ch\\\/wp-content\\\/uploads\\\/2024\\\/02\\\/ueber_uns_clickclock.png\"},{\"@type\":\"BreadcrumbList\",\"@id\":\"https:\\\/\\\/clickclock.work\\\/sq\\\/rreth-nesh\\\/#breadcrumb\",\"itemListElement\":[{\"@type\":\"ListItem\",\"position\":1,\"name\":\"Startseite\",\"item\":\"https:\\\/\\\/clickclock.work\\\/sq\\\/\"},{\"@type\":\"ListItem\",\"position\":2,\"name\":\"Rreth Nesh\"}]},{\"@type\":\"WebSite\",\"@id\":\"https:\\\/\\\/clickclock.work\\\/#website\",\"url\":\"https:\\\/\\\/clickclock.work\\\/\",\"name\":\"ClickClock\",\"description\":\"\",\"publisher\":{\"@id\":\"https:\\\/\\\/clickclock.work\\\/#organization\"},\"potentialAction\":[{\"@type\":\"SearchAction\",\"target\":{\"@type\":\"EntryPoint\",\"urlTemplate\":\"https:\\\/\\\/clickclock.work\\\/?s={search_term_string}\"},\"query-input\":{\"@type\":\"PropertyValueSpecification\",\"valueRequired\":true,\"valueName\":\"search_term_string\"}}],\"inLanguage\":\"sq-AL\"},{\"@type\":\"Organization\",\"@id\":\"https:\\\/\\\/clickclock.work\\\/#organization\",\"name\":\"ClickClock\",\"url\":\"https:\\\/\\\/clickclock.work\\\/\",\"logo\":{\"@type\":\"ImageObject\",\"inLanguage\":\"sq-AL\",\"@id\":\"https:\\\/\\\/clickclock.work\\\/#\\\/schema\\\/logo\\\/image\\\/\",\"url\":\"https:\\\/\\\/clickclock.ch\\\/wp-content\\\/uploads\\\/2024\\\/02\\\/clickclock_favicon.png\",\"contentUrl\":\"https:\\\/\\\/clickclock.ch\\\/wp-content\\\/uploads\\\/2024\\\/02\\\/clickclock_favicon.png\",\"width\":512,\"height\":512,\"caption\":\"ClickClock\"},\"image\":{\"@id\":\"https:\\\/\\\/clickclock.work\\\/#\\\/schema\\\/logo\\\/image\\\/\"},\"sameAs\":[\"https:\\\/\\\/www.instagram.com\\\/clickclock.work\\\/\"]}]}<\/script>\n<!-- \/ Yoast SEO plugin. -->","yoast_head_json":{"title":"Rreth Nesh - ClickClock","robots":{"index":"index","follow":"follow","max-snippet":"max-snippet:-1","max-image-preview":"max-image-preview:large","max-video-preview":"max-video-preview:-1"},"canonical":"https:\/\/clickclock.work\/sq\/rreth-nesh\/","og_locale":"sq_AL","og_type":"article","og_title":"Rreth Nesh - ClickClock","og_description":"Rreth Nesh N\u00eb ClickClock, ne jemi t\u00eb p\u00ebrkushtuar p\u00ebr t\u00eb ofruar zgjidhje inovative q\u00eb i p\u00ebrshtaten nevojave tuaja. Me nj\u00eb ekip ekspert\u00ebsh t\u00eb p\u00ebrkushtuar, ne synojm\u00eb t\u00eb tejkalojm\u00eb pritshm\u00ebrit\u00eb dhe t\u00eb ofrojm\u00eb sh\u00ebrbim t\u00eb shk\u00eblqyer n\u00eb regjistrimin dixhital t\u00eb koh\u00ebs. ClickClock Softueri yn\u00eb p\u00ebr regjistrimin e koh\u00ebs \u00ebsht\u00eb zhvilluar p\u00ebr t\u00eb revolucionarizuar bot\u00ebn e pun\u00ebs [&hellip;]","og_url":"https:\/\/clickclock.work\/sq\/rreth-nesh\/","og_site_name":"ClickClock","article_modified_time":"2025-11-11T12:49:35+00:00","og_image":[{"width":428,"height":408,"url":"https:\/\/clickclock.work\/wp-content\/uploads\/2024\/02\/ueber_uns_clickclock.png","type":"image\/png"}],"twitter_card":"summary_large_image","twitter_misc":{"Est. reading time":"4 minutes"},"schema":{"@context":"https:\/\/schema.org","@graph":[{"@type":"WebPage","@id":"https:\/\/clickclock.work\/sq\/rreth-nesh\/","url":"https:\/\/clickclock.work\/sq\/rreth-nesh\/","name":"Rreth Nesh - ClickClock","isPartOf":{"@id":"https:\/\/clickclock.work\/#website"},"primaryImageOfPage":{"@id":"https:\/\/clickclock.work\/sq\/rreth-nesh\/#primaryimage"},"image":{"@id":"https:\/\/clickclock.work\/sq\/rreth-nesh\/#primaryimage"},"thumbnailUrl":"https:\/\/clickclock.ch\/wp-content\/uploads\/2024\/02\/ueber_uns_clickclock.png","datePublished":"2024-01-30T08:48:12+00:00","dateModified":"2025-11-11T12:49:35+00:00","breadcrumb":{"@id":"https:\/\/clickclock.work\/sq\/rreth-nesh\/#breadcrumb"},"inLanguage":"sq-AL","potentialAction":[{"@type":"ReadAction","target":["https:\/\/clickclock.work\/sq\/rreth-nesh\/"]}]},{"@type":"ImageObject","inLanguage":"sq-AL","@id":"https:\/\/clickclock.work\/sq\/rreth-nesh\/#primaryimage","url":"https:\/\/clickclock.ch\/wp-content\/uploads\/2024\/02\/ueber_uns_clickclock.png","contentUrl":"https:\/\/clickclock.ch\/wp-content\/uploads\/2024\/02\/ueber_uns_clickclock.png"},{"@type":"BreadcrumbList","@id":"https:\/\/clickclock.work\/sq\/rreth-nesh\/#breadcrumb","itemListElement":[{"@type":"ListItem","position":1,"name":"Startseite","item":"https:\/\/clickclock.work\/sq\/"},{"@type":"ListItem","position":2,"name":"Rreth Nesh"}]},{"@type":"WebSite","@id":"https:\/\/clickclock.work\/#website","url":"https:\/\/clickclock.work\/","name":"ClickClock","description":"","publisher":{"@id":"https:\/\/clickclock.work\/#organization"},"potentialAction":[{"@type":"SearchAction","target":{"@type":"EntryPoint","urlTemplate":"https:\/\/clickclock.work\/?s={search_term_string}"},"query-input":{"@type":"PropertyValueSpecification","valueRequired":true,"valueName":"search_term_string"}}],"inLanguage":"sq-AL"},{"@type":"Organization","@id":"https:\/\/clickclock.work\/#organization","name":"ClickClock","url":"https:\/\/clickclock.work\/","logo":{"@type":"ImageObject","inLanguage":"sq-AL","@id":"https:\/\/clickclock.work\/#\/schema\/logo\/image\/","url":"https:\/\/clickclock.ch\/wp-content\/uploads\/2024\/02\/clickclock_favicon.png","contentUrl":"https:\/\/clickclock.ch\/wp-content\/uploads\/2024\/02\/clickclock_favicon.png","width":512,"height":512,"caption":"ClickClock"},"image":{"@id":"https:\/\/clickclock.work\/#\/schema\/logo\/image\/"},"sameAs":["https:\/\/www.instagram.com\/clickclock.work\/"]}]}},"_links":{"self":[{"href":"https:\/\/clickclock.work\/sq\/wp-json\/wp\/v2\/pages\/717","targetHints":{"allow":["GET"]}}],"collection":[{"href":"https:\/\/clickclock.work\/sq\/wp-json\/wp\/v2\/pages"}],"about":[{"href":"https:\/\/clickclock.work\/sq\/wp-json\/wp\/v2\/types\/page"}],"author":[{"embeddable":true,"href":"https:\/\/clickclock.work\/sq\/wp-json\/wp\/v2\/users\/1"}],"replies":[{"embeddable":true,"href":"https:\/\/clickclock.work\/sq\/wp-json\/wp\/v2\/comments?post=717"}],"version-history":[{"count":0,"href":"https:\/\/clickclock.work\/sq\/wp-json\/wp\/v2\/pages\/717\/revisions"}],"wp:attachment":[{"href":"https:\/\/clickclock.work\/sq\/wp-json\/wp\/v2\/media?parent=717"}],"curies":[{"name":"wp","href":"https:\/\/api.w.org\/{rel}","templated":true}]}}