{"id":708,"date":"2024-02-09T08:31:01","date_gmt":"2024-02-09T08:31:01","guid":{"rendered":"https:\/\/clickclock.work\/kushtet\/"},"modified":"2025-11-13T11:02:41","modified_gmt":"2025-11-13T11:02:41","slug":"kushtet","status":"publish","type":"page","link":"https:\/\/clickclock.work\/sq\/kushtet\/","title":{"rendered":"Kushtet"},"content":{"rendered":"\n<div class=\"wp-block-columns container is-layout-flex wp-container-core-columns-is-layout-9d6595d7 wp-block-columns-is-layout-flex\">\n<div class=\"wp-block-column agb is-layout-flow wp-block-column-is-layout-flow\">\n<div style=\"height:100px\" aria-hidden=\"true\" class=\"wp-block-spacer\"><\/div>\n\n\n\n<h1 class=\"wp-block-heading\">Kushtet e p\u00ebrgjithshme t\u00eb biznesit<\/h1>\n\n\n\n<p><\/p>\n\n\n\n<div style=\"height:50px\" aria-hidden=\"true\" class=\"wp-block-spacer\"><\/div>\n\n\n\n<p><\/p>\n\n\n\n<p><\/p>\n\n\n\n<h2 class=\"wp-block-heading\" style=\"font-size:30px\"><font style=\"vertical-align: inherit;\"><font style=\"vertical-align: inherit;\">Hyrje<\/font><\/font><\/h2>\n\n\n\n<p><\/p>\n\n\n\n<p><font style=\"vertical-align: inherit;\"><font style=\"vertical-align: inherit;\">Mir\u00ebsevini n\u00eb ClickClock! K\u00ebto Kushte dhe Kushtet e P\u00ebrgjithshme (\u201cKushtet\u201d) rregullojn\u00eb p\u00ebrdorimin tuaj t\u00eb faqes son\u00eb t\u00eb internetit dhe aplikacionit t\u00eb menaxhimit t\u00eb or\u00ebs, Click Clock (\u201cAplikacioni\u201d). Duke hyr\u00eb ose duke p\u00ebrdorur faqen ton\u00eb t\u00eb internetit ose aplikacionin, ju pranoni t\u00eb pajtoheni dhe t\u00eb jeni t\u00eb detyruar nga k\u00ebto Kushtet. N\u00ebse nuk pajtoheni me k\u00ebto Kushtet, ju lutemi mos p\u00ebrdorni faqen e internetit ose aplikacionin ton\u00eb.   <\/font><\/font><\/p>\n\n\n\n<h2 class=\"wp-block-heading\" style=\"font-size:30px\"><font style=\"vertical-align: inherit;\"><font style=\"vertical-align: inherit;\">P\u00ebrkufizime<\/font><\/font><\/h2>\n\n\n\n<ul class=\"wp-block-list\">\n<li>&#8220;ClickClock&#8221; i referohet aplikacionit t\u00eb menaxhimit t\u00eb koh\u00ebs t\u00eb ofruar nga ne.<\/li>\n\n\n\n<li>&#8220;P\u00ebrdorues&#8221; i referohet \u00e7do individi ose entiteti q\u00eb akseson ose p\u00ebrdor faqen ton\u00eb t\u00eb internetit ose aplikacionin ton\u00eb.<\/li>\n\n\n\n<li><font style=\"vertical-align: inherit;\"><font style=\"vertical-align: inherit;\">&#8220;Sh\u00ebrbimet&#8221; i referohen sh\u00ebrbimeve t\u00eb ofruara p\u00ebrmes faqes s\u00eb internetit dhe aplikacionit, duke p\u00ebrfshir\u00eb, por pa u kufizuar n\u00eb gjurmimin e koh\u00ebs, planifikimin dhe mjetet e produktivitetit.<br><\/font><\/font><br><\/li>\n<\/ul>\n\n\n\n<h2 class=\"wp-block-heading\" style=\"font-size:30px\"><font style=\"vertical-align: inherit;\"><font style=\"vertical-align: inherit;\">Pranimi i kushteve<\/font><\/font><\/h2>\n\n\n\n<p>Duke p\u00ebrdorur faqen ton\u00eb t\u00eb internetit ose aplikacionin, ju konfirmoni se i keni lexuar, kuptuar dhe jeni dakord me k\u00ebto kushte dhe rregulla. Ne mund t&#8217;i p\u00ebrdit\u00ebsojm\u00eb k\u00ebto kushte dhe rregulla her\u00eb pas here, dhe \u00ebsht\u00eb p\u00ebrgjegj\u00ebsia juaj t&#8217;i rishikoni ato rregullisht. P\u00ebrdorimi juaj i vazhduesh\u00ebm i faqes son\u00eb t\u00eb internetit ose aplikacionit pas \u00e7do ndryshimi p\u00ebrb\u00ebn pranimin tuaj t\u00eb kushteve dhe rregullave t\u00eb rishikuara.  <\/p>\n\n\n\n<h2 class=\"wp-block-heading\"><font style=\"vertical-align: inherit;\"><font style=\"vertical-align: inherit;\">Llogarit\u00eb e p\u00ebrdoruesve<\/font><\/font><\/h2>\n\n\n\n<p>P\u00ebr t\u00eb aksesuar disa funksione t\u00eb aplikacionit, mund t&#8217;ju duhet t\u00eb krijoni nj\u00eb llogari. Ju pranoni t\u00eb jepni informacion t\u00eb sakt\u00eb dhe t\u00eb plot\u00eb gjat\u00eb regjistrimit dhe t\u00eb mbani informacionin e llogaris\u00eb suaj t\u00eb p\u00ebrdit\u00ebsuar. Ju jeni p\u00ebrgjegj\u00ebs p\u00ebr ruajtjen e konfidencialitetit t\u00eb informacionit t\u00eb llogaris\u00eb suaj dhe p\u00ebr t\u00eb gjitha aktivitetet q\u00eb ndodhin n\u00eb llogarin\u00eb tuaj.  <\/p>\n\n\n\n<h2 class=\"wp-block-heading\" style=\"font-size:30px\"><font style=\"vertical-align: inherit;\"><font style=\"vertical-align: inherit;\">P\u00ebrdorimi i aplikacionit<\/font><\/font><\/h2>\n\n\n\n<p>P\u00ebrdorimi i aplikacionit Ju pranoni t\u00eb p\u00ebrdorni Aplikacionin vet\u00ebm p\u00ebr q\u00ebllime t\u00eb ligjshme dhe n\u00eb p\u00ebrputhje me k\u00ebto Kushte. Ju nuk duhet t\u00eb: <\/p>\n\n\n\n<ul class=\"wp-block-list\">\n<li>P\u00ebrdorni aplikacionin n\u00eb \u00e7do m\u00ebnyr\u00eb q\u00eb mund t\u00eb d\u00ebmtoj\u00eb, \u00e7aktivizoj\u00eb, mbingarkoj\u00eb ose d\u00ebmtoj\u00eb server\u00ebt ose rrjetet tona.<\/li>\n\n\n\n<li>P\u00ebrpjekje p\u00ebr t\u00eb fituar akses t\u00eb paautorizuar n\u00eb \u00e7do pjes\u00eb t\u00eb aplikacionit, llogari t\u00eb tjera ose sisteme ose rrjete kompjuterike.<\/li>\n\n\n\n<li>P\u00ebrdorni \u00e7do mjet t\u00eb automatizuar, duke p\u00ebrfshir\u00eb, por pa u kufizuar n\u00eb, robot\u00ebt, merimangat ose g\u00ebrvisht\u00ebsit, p\u00ebr t\u00eb aksesuar, monitoruar ose kopjuar ndonj\u00eb pjes\u00eb t\u00eb aplikacionit.<\/li>\n<\/ul>\n\n\n\n<h2 class=\"wp-block-heading\" style=\"font-size:30px\"><font style=\"vertical-align: inherit;\"><font style=\"vertical-align: inherit;\">Abonimi dhe pagesa<\/font><\/font><\/h2>\n\n\n\n<p>Disa ve\u00e7ori t\u00eb aplikacionit mund t\u00eb jen\u00eb t\u00eb disponueshme p\u00ebrmes nj\u00eb modeli abonimi. Duke u abonuar, ju pranoni t\u00eb paguani tarifat p\u00ebrkat\u00ebse t\u00eb abonimit si\u00e7 p\u00ebrcaktohen n\u00eb faqen ton\u00eb t\u00eb internetit. Tarifat e abonimit nuk rimbursohen p\u00ebrve\u00e7 rasteve t\u00eb k\u00ebrkuara me ligj ose si\u00e7 specifikohet n\u00eb politik\u00ebn ton\u00eb t\u00eb rimbursimit. Ne mund t\u00eb ndryshojm\u00eb tarifat e abonimit ose t\u00eb ofrojm\u00eb promovime sipas gjykimit ton\u00eb t\u00eb vet\u00ebm.   <\/p>\n\n\n\n<h2 class=\"wp-block-heading\" style=\"font-size:30px\"><font style=\"vertical-align: inherit;\"><font style=\"vertical-align: inherit;\">T\u00eb drejtat e autorit<\/font><\/font><\/h2>\n\n\n\n<p>E gjith\u00eb p\u00ebrmbajtja dhe materialet e ofruara p\u00ebrmes faqes s\u00eb internetit dhe aplikacionit, p\u00ebrfshir\u00eb, por pa u kufizuar n\u00eb tekste, grafika, logo dhe softuer, jan\u00eb pron\u00eb e Click Clock ose e licencuesve t\u00eb saj dhe mbrohen nga ligjet p\u00ebr pron\u00ebsin\u00eb intelektuale. Ju nuk u lejohet t\u00eb kopjoni, shp\u00ebrndani, riprodhoni ose t\u00eb krijoni vepra t\u00eb derivuara nga ndonj\u00eb p\u00ebrmbajtje pa p\u00eblqimin ton\u00eb paraprak me shkrim. <\/p>\n\n\n\n<h2 class=\"wp-block-heading\" style=\"font-size:30px\"><font style=\"vertical-align: inherit;\"><font style=\"vertical-align: inherit;\">Mbrojtja e t\u00eb dh\u00ebnave<\/font><\/font><\/h2>\n\n\n\n<p>P\u00ebrdorimi juaj i faqes s\u00eb internetit dhe aplikacionit i n\u00ebnshtrohet gjithashtu Politik\u00ebs son\u00eb t\u00eb Privat\u00ebsis\u00eb, e cila p\u00ebrshkruan se si ne mbledhim, p\u00ebrdorim dhe mbrojm\u00eb t\u00eb dh\u00ebnat tuaja personale. Duke p\u00ebrdorur faqen ton\u00eb t\u00eb internetit dhe aplikacionin, ju pranoni mbledhjen dhe p\u00ebrdorimin e t\u00eb dh\u00ebnave tuaja n\u00eb p\u00ebrputhje me Politik\u00ebn ton\u00eb t\u00eb Privat\u00ebsis\u00eb. <\/p>\n\n\n\n<h2 class=\"wp-block-heading\" style=\"font-size:30px\"><font style=\"vertical-align: inherit;\"><font style=\"vertical-align: inherit;\">Kufizimi i p\u00ebrgjegj\u00ebsis\u00eb<\/font><\/font><\/h2>\n\n\n\n<p style=\"font-size:18px\"><font style=\"vertical-align: inherit;\"><font style=\"vertical-align: inherit;\">N\u00eb mas\u00ebn e lejuar me ligj, Click Clock dhe bashk\u00ebpun\u00ebtor\u00ebt, zyrtar\u00ebt, drejtor\u00ebt, punonj\u00ebsit dhe agjent\u00ebt e saj nuk do t\u00eb jen\u00eb p\u00ebrgjegj\u00ebs p\u00ebr asnj\u00eb d\u00ebmtim indirekt, t\u00eb rast\u00ebsish\u00ebm, t\u00eb ve\u00e7ant\u00eb ose pasues, ose p\u00ebr ndonj\u00eb humbje fitimesh ose t\u00eb dh\u00ebnash, q\u00eb rrjedh nga ose n\u00eb lidhje me p\u00ebrdorimin tuaj t\u00eb faqes s\u00eb internetit ose aplikacionit. P\u00ebrgjegj\u00ebsia jon\u00eb totale ndaj jush p\u00ebr \u00e7do pretendim q\u00eb rrjedh nga k\u00ebto kushte ose p\u00ebrdorimi juaj i faqes s\u00eb internetit ose aplikacionit \u00ebsht\u00eb i kufizuar n\u00eb shum\u00ebn q\u00eb keni paguar p\u00ebr aplikacionin ose sh\u00ebrbimet gjat\u00eb periudh\u00ebs s\u00eb abonimit. <\/font><\/font><\/p>\n\n\n\n<h2 class=\"wp-block-heading\" style=\"font-size:30px\"><font style=\"vertical-align: inherit;\"><font style=\"vertical-align: inherit;\">Kompensimi<\/font><\/font><\/h2>\n\n\n\n<p>Ju pranoni t\u00eb d\u00ebmshp\u00ebrbleni, mbani t\u00eb mbrojtur dhe t\u00eb mbani t\u00eb pafajsh\u00ebm ClickClock, si dhe bashk\u00ebpun\u00ebtor\u00ebt, oficer\u00ebt, drejtor\u00ebt, punonj\u00ebsit dhe agjent\u00ebt e saj, nga \u00e7do pretendim, p\u00ebrgjegj\u00ebsi, d\u00ebm, humbje ose shpenzim, p\u00ebrfshir\u00eb tarifat e arsyeshme ligjore, q\u00eb lindin nga ose lidhen me: p\u00ebrdorimin tuaj t\u00eb faqes s\u00eb internetit ose aplikacionit, shkeljen tuaj t\u00eb k\u00ebtyre Kushteve, shkeljen tuaj t\u00eb ndonj\u00eb t\u00eb drejte t\u00eb pal\u00ebve t\u00eb treta.<\/p>\n\n\n\n<h2 class=\"wp-block-heading\" style=\"font-size:30px\"><font style=\"vertical-align: inherit;\"><font style=\"vertical-align: inherit;\">Nd\u00ebrprerja<\/font><\/font><\/h2>\n\n\n\n<p>Ne rezervojm\u00eb t\u00eb drejt\u00ebn p\u00ebr t\u00eb nd\u00ebrprer\u00eb ose pezulluar aksesin tuaj n\u00eb faqen e internetit ose aplikacion pa njoftim paraprak ose p\u00ebrgjegj\u00ebsi p\u00ebr \u00e7far\u00ebdo arsye, duke p\u00ebrfshir\u00eb n\u00ebse besojm\u00eb se i keni shkelur k\u00ebto kushte. Pas nd\u00ebrprerjes, e drejta juaj p\u00ebr t\u00eb p\u00ebrdorur aplikacionin do t\u00eb pushoj\u00eb menj\u00ebher\u00eb. <\/p>\n\n\n\n<h2 class=\"wp-block-heading\" style=\"font-size:30px\"><font style=\"vertical-align: inherit;\"><font style=\"vertical-align: inherit;\">Ligji n\u00eb fuqi<\/font><\/font><\/h2>\n\n\n\n<p>K\u00ebto Kushte, si dhe \u00e7do mosmarr\u00ebveshje q\u00eb lind nga ose lidhet me to, do t\u00eb rregullohet dhe interpretohet n\u00eb p\u00ebrputhje me ligjet e Austris\u00eb, pa marr\u00eb parasysh parimet e saj p\u00ebr konfliktin e ligjeve.<\/p>\n\n\n\n<h2 class=\"wp-block-heading\" style=\"font-size:30px\"><font style=\"vertical-align: inherit;\"><font style=\"vertical-align: inherit;\">Zgjidhja e mosmarr\u00ebveshjeve<\/font><\/font><\/h2>\n\n\n\n<p>\u00c7do mosmarr\u00ebveshje q\u00eb lind nga k\u00ebto kushte dhe rregulla ose p\u00ebrdorimi juaj i faqes s\u00eb internetit ose aplikacionit do t\u00eb zgjidhet me an\u00eb t\u00eb arbitrazhit detyrues n\u00eb p\u00ebrputhje me rregullat e Bordit t\u00eb Arbitrazhit t\u00eb Dhom\u00ebs Ekonomike Federale Austriake n\u00eb Vjen\u00eb, Austri. Vendimi i arbitrazhit mund t\u00eb merret nga \u00e7do gjykat\u00eb kompetente. <\/p>\n\n\n\n<h2 class=\"wp-block-heading\" style=\"font-size:30px\"><font style=\"vertical-align: inherit;\"><font style=\"vertical-align: inherit;\">T\u00eb ndryshme<\/font><\/font><\/h2>\n\n\n\n<ul class=\"wp-block-list\">\n<li>E gjith\u00eb Marr\u00ebveshja: K\u00ebto Kushte p\u00ebrb\u00ebjn\u00eb t\u00eb gjith\u00eb marr\u00ebveshjen midis jush dhe ClickClock lidhur me p\u00ebrdorimin tuaj t\u00eb faqes s\u00eb internetit dhe aplikacionit, dhe z\u00ebvend\u00ebsojn\u00eb \u00e7do marr\u00ebveshje, pajtim ose mir\u00ebkuptim t\u00eb m\u00ebparsh\u00ebm, qoft\u00eb me shkrim apo me goj\u00eb.<\/li>\n\n\n\n<li>Ndarshm\u00ebria: N\u00ebse ndonj\u00eb dispozit\u00eb e k\u00ebtyre Kushteve shpallet e pavlefshme, e paligjshme ose e paekzekutueshme nga nj\u00eb gjykat\u00eb kompetente, pjesa tjet\u00ebr e Kushteve mbetet e plot\u00eb dhe n\u00eb fuqi.<\/li>\n\n\n\n<li>Heqja dor\u00eb: D\u00ebshtimi yn\u00eb p\u00ebr t\u00eb zbatuar ndonj\u00eb t\u00eb drejt\u00eb ose dispozit\u00eb t\u00eb k\u00ebtyre Kushteve nuk do t\u00eb konsiderohet si heqje dor\u00eb nga kjo e drejt\u00eb ose dispozit\u00eb.<\/li>\n<\/ul>\n\n\n\n<h2 class=\"wp-block-heading\" style=\"font-size:30px\"><font style=\"vertical-align: inherit;\"><font style=\"vertical-align: inherit;\">Informacioni i kontaktit<\/font><\/font><\/h2>\n\n\n\n<p>N\u00ebse keni ndonj\u00eb pyetje n\u00eb lidhje me k\u00ebto Kushte ose aplikacionin &#8220;Clock Clock&#8221;, ju lutemi na kontaktoni n\u00eb:<\/p>\n\n\n\n<p>Clickservice GmbH<\/p>\n\n\n\n<p>An den Alten Schanzen 25\/49<\/p>\n\n\n\n<p>1220 Vjen\u00eb<\/p>\n\n\n\n<p>Austria<\/p>\n\n\n\n<p>Email: <a href=\"mailto:office@clickservice.at\">office@clickservice.at<\/a><br>Tel.: <a href=\"tel:+4312803526\">+43 1 280 35 26<\/a><\/p>\n\n\n\n<p>Faleminderit q\u00eb zgjodh\u00ebt ClickClock!<\/p>\n<\/div>\n<\/div>\n\n\n\n<div style=\"height:100px\" aria-hidden=\"true\" class=\"wp-block-spacer\"><\/div>\n","protected":false},"excerpt":{"rendered":"<p>Kushtet e p\u00ebrgjithshme t\u00eb biznesit Hyrje Mir\u00ebsevini n\u00eb ClickClock! K\u00ebto Kushte dhe Kushtet e P\u00ebrgjithshme (\u201cKushtet\u201d) rregullojn\u00eb p\u00ebrdorimin tuaj t\u00eb faqes son\u00eb t\u00eb internetit dhe aplikacionit t\u00eb menaxhimit t\u00eb or\u00ebs, Click Clock (\u201cAplikacioni\u201d). Duke hyr\u00eb ose duke p\u00ebrdorur faqen ton\u00eb t\u00eb internetit ose aplikacionin, ju pranoni t\u00eb pajtoheni dhe t\u00eb jeni t\u00eb detyruar nga k\u00ebto [&hellip;]<\/p>\n","protected":false},"author":1,"featured_media":0,"parent":0,"menu_order":0,"comment_status":"closed","ping_status":"closed","template":"homepage.php","meta":{"footnotes":""},"class_list":["post-708","page","type-page","status-publish","hentry"],"yoast_head":"<!-- This site is optimized with the Yoast SEO plugin v27.5 - https:\/\/yoast.com\/product\/yoast-seo-wordpress\/ -->\n<title>Kushtet - ClickClock<\/title>\n<meta name=\"robots\" content=\"index, follow, max-snippet:-1, max-image-preview:large, max-video-preview:-1\" \/>\n<link rel=\"canonical\" href=\"https:\/\/clickclock.work\/sq\/kushtet\/\" \/>\n<meta property=\"og:locale\" content=\"sq_AL\" \/>\n<meta property=\"og:type\" content=\"article\" \/>\n<meta property=\"og:title\" content=\"Kushtet - ClickClock\" \/>\n<meta property=\"og:description\" content=\"Kushtet e p\u00ebrgjithshme t\u00eb biznesit Hyrje Mir\u00ebsevini n\u00eb ClickClock! K\u00ebto Kushte dhe Kushtet e P\u00ebrgjithshme (\u201cKushtet\u201d) rregullojn\u00eb p\u00ebrdorimin tuaj t\u00eb faqes son\u00eb t\u00eb internetit dhe aplikacionit t\u00eb menaxhimit t\u00eb or\u00ebs, Click Clock (\u201cAplikacioni\u201d). Duke hyr\u00eb ose duke p\u00ebrdorur faqen ton\u00eb t\u00eb internetit ose aplikacionin, ju pranoni t\u00eb pajtoheni dhe t\u00eb jeni t\u00eb detyruar nga k\u00ebto [&hellip;]\" \/>\n<meta property=\"og:url\" content=\"https:\/\/clickclock.work\/sq\/kushtet\/\" \/>\n<meta property=\"og:site_name\" content=\"ClickClock\" \/>\n<meta property=\"article:modified_time\" content=\"2025-11-13T11:02:41+00:00\" \/>\n<meta property=\"og:image\" content=\"https:\/\/clickclock.work\/wp-content\/uploads\/2024\/02\/per-jasin111aaa.png\" \/>\n\t<meta property=\"og:image:width\" content=\"1200\" \/>\n\t<meta property=\"og:image:height\" content=\"675\" \/>\n\t<meta property=\"og:image:type\" content=\"image\/png\" \/>\n<meta name=\"twitter:card\" content=\"summary_large_image\" \/>\n<meta name=\"twitter:label1\" content=\"Est. reading time\" \/>\n\t<meta name=\"twitter:data1\" content=\"5 minutes\" \/>\n<script type=\"application\/ld+json\" class=\"yoast-schema-graph\">{\"@context\":\"https:\\\/\\\/schema.org\",\"@graph\":[{\"@type\":\"WebPage\",\"@id\":\"https:\\\/\\\/clickclock.work\\\/sq\\\/kushtet\\\/\",\"url\":\"https:\\\/\\\/clickclock.work\\\/sq\\\/kushtet\\\/\",\"name\":\"Kushtet - ClickClock\",\"isPartOf\":{\"@id\":\"https:\\\/\\\/clickclock.work\\\/#website\"},\"datePublished\":\"2024-02-09T08:31:01+00:00\",\"dateModified\":\"2025-11-13T11:02:41+00:00\",\"breadcrumb\":{\"@id\":\"https:\\\/\\\/clickclock.work\\\/sq\\\/kushtet\\\/#breadcrumb\"},\"inLanguage\":\"sq-AL\",\"potentialAction\":[{\"@type\":\"ReadAction\",\"target\":[\"https:\\\/\\\/clickclock.work\\\/sq\\\/kushtet\\\/\"]}]},{\"@type\":\"BreadcrumbList\",\"@id\":\"https:\\\/\\\/clickclock.work\\\/sq\\\/kushtet\\\/#breadcrumb\",\"itemListElement\":[{\"@type\":\"ListItem\",\"position\":1,\"name\":\"Startseite\",\"item\":\"https:\\\/\\\/clickclock.work\\\/sq\\\/\"},{\"@type\":\"ListItem\",\"position\":2,\"name\":\"Kushtet\"}]},{\"@type\":\"WebSite\",\"@id\":\"https:\\\/\\\/clickclock.work\\\/#website\",\"url\":\"https:\\\/\\\/clickclock.work\\\/\",\"name\":\"ClickClock\",\"description\":\"\",\"publisher\":{\"@id\":\"https:\\\/\\\/clickclock.work\\\/#organization\"},\"potentialAction\":[{\"@type\":\"SearchAction\",\"target\":{\"@type\":\"EntryPoint\",\"urlTemplate\":\"https:\\\/\\\/clickclock.work\\\/?s={search_term_string}\"},\"query-input\":{\"@type\":\"PropertyValueSpecification\",\"valueRequired\":true,\"valueName\":\"search_term_string\"}}],\"inLanguage\":\"sq-AL\"},{\"@type\":\"Organization\",\"@id\":\"https:\\\/\\\/clickclock.work\\\/#organization\",\"name\":\"ClickClock\",\"url\":\"https:\\\/\\\/clickclock.work\\\/\",\"logo\":{\"@type\":\"ImageObject\",\"inLanguage\":\"sq-AL\",\"@id\":\"https:\\\/\\\/clickclock.work\\\/#\\\/schema\\\/logo\\\/image\\\/\",\"url\":\"https:\\\/\\\/clickclock.ch\\\/wp-content\\\/uploads\\\/2024\\\/02\\\/clickclock_favicon.png\",\"contentUrl\":\"https:\\\/\\\/clickclock.ch\\\/wp-content\\\/uploads\\\/2024\\\/02\\\/clickclock_favicon.png\",\"width\":512,\"height\":512,\"caption\":\"ClickClock\"},\"image\":{\"@id\":\"https:\\\/\\\/clickclock.work\\\/#\\\/schema\\\/logo\\\/image\\\/\"},\"sameAs\":[\"https:\\\/\\\/www.instagram.com\\\/clickclock.work\\\/\"]}]}<\/script>\n<!-- \/ Yoast SEO plugin. -->","yoast_head_json":{"title":"Kushtet - ClickClock","robots":{"index":"index","follow":"follow","max-snippet":"max-snippet:-1","max-image-preview":"max-image-preview:large","max-video-preview":"max-video-preview:-1"},"canonical":"https:\/\/clickclock.work\/sq\/kushtet\/","og_locale":"sq_AL","og_type":"article","og_title":"Kushtet - ClickClock","og_description":"Kushtet e p\u00ebrgjithshme t\u00eb biznesit Hyrje Mir\u00ebsevini n\u00eb ClickClock! K\u00ebto Kushte dhe Kushtet e P\u00ebrgjithshme (\u201cKushtet\u201d) rregullojn\u00eb p\u00ebrdorimin tuaj t\u00eb faqes son\u00eb t\u00eb internetit dhe aplikacionit t\u00eb menaxhimit t\u00eb or\u00ebs, Click Clock (\u201cAplikacioni\u201d). Duke hyr\u00eb ose duke p\u00ebrdorur faqen ton\u00eb t\u00eb internetit ose aplikacionin, ju pranoni t\u00eb pajtoheni dhe t\u00eb jeni t\u00eb detyruar nga k\u00ebto [&hellip;]","og_url":"https:\/\/clickclock.work\/sq\/kushtet\/","og_site_name":"ClickClock","article_modified_time":"2025-11-13T11:02:41+00:00","og_image":[{"width":1200,"height":675,"url":"https:\/\/clickclock.work\/wp-content\/uploads\/2024\/02\/per-jasin111aaa.png","type":"image\/png"}],"twitter_card":"summary_large_image","twitter_misc":{"Est. reading time":"5 minutes"},"schema":{"@context":"https:\/\/schema.org","@graph":[{"@type":"WebPage","@id":"https:\/\/clickclock.work\/sq\/kushtet\/","url":"https:\/\/clickclock.work\/sq\/kushtet\/","name":"Kushtet - ClickClock","isPartOf":{"@id":"https:\/\/clickclock.work\/#website"},"datePublished":"2024-02-09T08:31:01+00:00","dateModified":"2025-11-13T11:02:41+00:00","breadcrumb":{"@id":"https:\/\/clickclock.work\/sq\/kushtet\/#breadcrumb"},"inLanguage":"sq-AL","potentialAction":[{"@type":"ReadAction","target":["https:\/\/clickclock.work\/sq\/kushtet\/"]}]},{"@type":"BreadcrumbList","@id":"https:\/\/clickclock.work\/sq\/kushtet\/#breadcrumb","itemListElement":[{"@type":"ListItem","position":1,"name":"Startseite","item":"https:\/\/clickclock.work\/sq\/"},{"@type":"ListItem","position":2,"name":"Kushtet"}]},{"@type":"WebSite","@id":"https:\/\/clickclock.work\/#website","url":"https:\/\/clickclock.work\/","name":"ClickClock","description":"","publisher":{"@id":"https:\/\/clickclock.work\/#organization"},"potentialAction":[{"@type":"SearchAction","target":{"@type":"EntryPoint","urlTemplate":"https:\/\/clickclock.work\/?s={search_term_string}"},"query-input":{"@type":"PropertyValueSpecification","valueRequired":true,"valueName":"search_term_string"}}],"inLanguage":"sq-AL"},{"@type":"Organization","@id":"https:\/\/clickclock.work\/#organization","name":"ClickClock","url":"https:\/\/clickclock.work\/","logo":{"@type":"ImageObject","inLanguage":"sq-AL","@id":"https:\/\/clickclock.work\/#\/schema\/logo\/image\/","url":"https:\/\/clickclock.ch\/wp-content\/uploads\/2024\/02\/clickclock_favicon.png","contentUrl":"https:\/\/clickclock.ch\/wp-content\/uploads\/2024\/02\/clickclock_favicon.png","width":512,"height":512,"caption":"ClickClock"},"image":{"@id":"https:\/\/clickclock.work\/#\/schema\/logo\/image\/"},"sameAs":["https:\/\/www.instagram.com\/clickclock.work\/"]}]}},"_links":{"self":[{"href":"https:\/\/clickclock.work\/sq\/wp-json\/wp\/v2\/pages\/708","targetHints":{"allow":["GET"]}}],"collection":[{"href":"https:\/\/clickclock.work\/sq\/wp-json\/wp\/v2\/pages"}],"about":[{"href":"https:\/\/clickclock.work\/sq\/wp-json\/wp\/v2\/types\/page"}],"author":[{"embeddable":true,"href":"https:\/\/clickclock.work\/sq\/wp-json\/wp\/v2\/users\/1"}],"replies":[{"embeddable":true,"href":"https:\/\/clickclock.work\/sq\/wp-json\/wp\/v2\/comments?post=708"}],"version-history":[{"count":1,"href":"https:\/\/clickclock.work\/sq\/wp-json\/wp\/v2\/pages\/708\/revisions"}],"predecessor-version":[{"id":1221,"href":"https:\/\/clickclock.work\/sq\/wp-json\/wp\/v2\/pages\/708\/revisions\/1221"}],"wp:attachment":[{"href":"https:\/\/clickclock.work\/sq\/wp-json\/wp\/v2\/media?parent=708"}],"curies":[{"name":"wp","href":"https:\/\/api.w.org\/{rel}","templated":true}]}}