{"id":700,"date":"2024-01-30T08:48:41","date_gmt":"2024-01-30T08:48:41","guid":{"rendered":"https:\/\/clickclock.work\/kontakt\/"},"modified":"2025-11-12T13:24:43","modified_gmt":"2025-11-12T13:24:43","slug":"kontakt","status":"publish","type":"page","link":"https:\/\/clickclock.work\/sq\/kontakt\/","title":{"rendered":"Kontakt"},"content":{"rendered":"\n<div style=\"height:100px\" aria-hidden=\"true\" class=\"wp-block-spacer\"><\/div>\n\n<div class=\"wp-block-columns container j_center is-layout-flex wp-container-core-columns-is-layout-9d6595d7 wp-block-columns-is-layout-flex\">\n<div class=\"wp-block-column is-layout-flow wp-block-column-is-layout-flow\" style=\"flex-basis:1100px\">\n<h1 class=\"wp-block-heading has-text-align-center has-dark-blue-color has-text-color has-link-color wp-elements-c6ecfb4c42f84f01c3b91531c55d4712\">Gjithmon\u00eb aty p\u00ebr ju<\/h1>\n\n\n\n<div style=\"height:35px\" aria-hidden=\"true\" class=\"wp-block-spacer\"><\/div>\n\n\n\n<p class=\"has-text-align-center\">Jemi t\u00eb lumtur t\u2019ju mb\u00ebshtesim n\u00eb p\u00ebrdorimin e p\u00ebrditsh\u00ebm t\u00eb sh\u00ebrbimeve tona, duke ju ofruar sh\u00ebrbim personal dhe <strong>k\u00ebshilla kompetente<\/strong> nga ekipi yn\u00eb i p\u00ebrkushtuar.<\/p>\n\n\n\n<div style=\"height:20px\" aria-hidden=\"true\" class=\"wp-block-spacer\"><\/div>\n\n\n\n<p class=\"has-text-align-center\">Q\u00ebllimi yn\u00eb \u00ebsht\u00eb t\u2019ju mund\u00ebsojm\u00eb t\u00eb p\u00ebrdorni ClickClock n\u00eb m\u00ebnyr\u00eb sa m\u00eb <strong>optimale <\/strong>p\u00ebrmes mb\u00ebshtetjes personale.<\/p>\n\n\n\n<div style=\"height:50px\" aria-hidden=\"true\" class=\"wp-block-spacer\"><\/div>\n<\/div>\n<\/div>\n\n<div style=\"height:25px\" aria-hidden=\"true\" class=\"wp-block-spacer\"><\/div>\n\n<div class=\"wp-block-columns is-layout-flex wp-container-core-columns-is-layout-9d6595d7 wp-block-columns-is-layout-flex\">\n<div class=\"wp-block-column is-layout-flow wp-block-column-is-layout-flow\">\n<div class=\"wp-block-columns container is-layout-flex wp-container-core-columns-is-layout-9d6595d7 wp-block-columns-is-layout-flex\">\n<div class=\"wp-block-column is-layout-flow wp-block-column-is-layout-flow\" style=\"flex-basis:35%\">\n<div class=\"cdc\">\n<div class=\"contact_details\">\n<div>\n<img decoding=\"async\" src=\"\/wp-content\/uploads\/2024\/02\/mail.svg\"\/>\n<\/div>\n<div>\n<p><a href=\"mailto:office@clickclock.work\">office@clickclock.work<\/a><\/p>\n<\/div>\n<\/div>\n<!--<div class=\"contact_details open\">\n<div><img decoding=\"async\" src=\"\/wp-content\/uploads\/2024\/02\/open.svg\"><\/div>\n<div>\n<p><b>\u00d6ffnungszeiten<\/b><\/p>\n<p>Mo.-Fr.:<\/b> 10:00-19:00<\/p>\n<p>Sa.-So.:<\/b> 10:00-12:00<\/p>\n<\/div>\n<\/div> -->\n<div class=\"contact_details\">\n<div><img decoding=\"async\" src=\"\/wp-content\/uploads\/2024\/02\/phone.svg\"\/><\/div>\n<div>\n<p><a href=\"tel:+4312803526\">+43 1 280 35 26<\/a><\/p>\n<\/div>\n<\/div>\n<\/div>\n<\/div>\n\n\n\n<div class=\"wp-block-column is-layout-flow wp-block-column-is-layout-flow\" style=\"flex-basis:65%\">\n<div class=\"wpcf7 no-js\" id=\"wpcf7-f763-o1\" lang=\"sq-AL\" dir=\"ltr\" data-wpcf7-id=\"763\">\n<div class=\"screen-reader-response\"><p role=\"status\" aria-live=\"polite\" aria-atomic=\"true\"><\/p> <ul><\/ul><\/div>\n<form action=\"\/sq\/wp-json\/wp\/v2\/pages\/700#wpcf7-f763-o1\" method=\"post\" class=\"wpcf7-form init\" aria-label=\"Contact form\" novalidate=\"novalidate\" data-status=\"init\">\n<fieldset class=\"hidden-fields-container\"><input type=\"hidden\" name=\"_wpcf7\" value=\"763\" \/><input type=\"hidden\" name=\"_wpcf7_version\" value=\"6.1.5\" \/><input type=\"hidden\" name=\"_wpcf7_locale\" value=\"sq_AL\" \/><input type=\"hidden\" name=\"_wpcf7_unit_tag\" value=\"wpcf7-f763-o1\" \/><input type=\"hidden\" name=\"_wpcf7_container_post\" value=\"0\" \/><input type=\"hidden\" name=\"_wpcf7_posted_data_hash\" value=\"\" \/><input type=\"hidden\" name=\"_wpcf7_recaptcha_response\" value=\"\" \/>\n<\/fieldset>\n<div id=\"contact-form\">\n\t<div class=\"form-row\">\n\t\t<div class=\"column-half\">\n\t\t\t<p><span class=\"wpcf7-form-control-wrap\" data-name=\"your-name\"><input size=\"40\" maxlength=\"400\" class=\"wpcf7-form-control wpcf7-text wpcf7-validates-as-required\" autocomplete=\"name\" aria-required=\"true\" aria-invalid=\"false\" placeholder=\"Emri\" value=\"\" type=\"text\" name=\"your-name\" \/><\/span>\n\t\t\t<\/p>\n\t\t<\/div>\n\t\t<div class=\"column-half\">\n\t\t\t<p><span class=\"wpcf7-form-control-wrap\" data-name=\"your-email\"><input size=\"40\" maxlength=\"400\" class=\"wpcf7-form-control wpcf7-email wpcf7-validates-as-required wpcf7-text wpcf7-validates-as-email\" autocomplete=\"email\" aria-required=\"true\" aria-invalid=\"false\" placeholder=\"Email\" value=\"\" type=\"email\" name=\"your-email\" \/><\/span>\n\t\t\t<\/p>\n\t\t<\/div>\n\t<\/div>\n\t<div class=\"form-row\">\n\t\t<div class=\"column-full\">\n\t\t\t<p><span class=\"wpcf7-form-control-wrap\" data-name=\"betreff\"><input size=\"40\" maxlength=\"400\" class=\"wpcf7-form-control wpcf7-text wpcf7-validates-as-required\" aria-required=\"true\" aria-invalid=\"false\" placeholder=\"Subjekti\" value=\"\" type=\"text\" name=\"betreff\" \/><\/span>\n\t\t\t<\/p>\n\t\t<\/div>\n\t<\/div>\n\t<p><span class=\"wpcf7-form-control-wrap\" data-name=\"your-message\"><textarea cols=\"40\" rows=\"10\" maxlength=\"2000\" class=\"wpcf7-form-control wpcf7-textarea\" aria-invalid=\"false\" placeholder=\"Mesazhi\" name=\"your-message\"><\/textarea><\/span><br \/>\n<input class=\"wpcf7-form-control wpcf7-submit has-spinner\" type=\"submit\" value=\"D\u00ebrgo\" \/>\n\t<\/p>\n<\/div><div class=\"wpcf7-response-output\" aria-hidden=\"true\"><\/div>\n<\/form>\n<\/div>\n\n<\/div>\n<\/div>\n<\/div>\n<\/div>\n\n<div style=\"height:100px\" aria-hidden=\"true\" class=\"wp-block-spacer\"><\/div>\n","protected":false},"excerpt":{"rendered":"<p>Gjithmon\u00eb aty p\u00ebr ju Jemi t\u00eb lumtur t\u2019ju mb\u00ebshtesim n\u00eb p\u00ebrdorimin e p\u00ebrditsh\u00ebm t\u00eb sh\u00ebrbimeve tona, duke ju ofruar sh\u00ebrbim personal dhe k\u00ebshilla kompetente nga ekipi yn\u00eb i p\u00ebrkushtuar. Q\u00ebllimi yn\u00eb \u00ebsht\u00eb t\u2019ju mund\u00ebsojm\u00eb t\u00eb p\u00ebrdorni ClickClock n\u00eb m\u00ebnyr\u00eb sa m\u00eb optimale p\u00ebrmes mb\u00ebshtetjes personale. office@clickclock.work +43 1 280 35 26<\/p>\n","protected":false},"author":1,"featured_media":0,"parent":0,"menu_order":0,"comment_status":"closed","ping_status":"closed","template":"homepage.php","meta":{"footnotes":""},"class_list":["post-700","page","type-page","status-publish","hentry"],"yoast_head":"<!-- This site is optimized with the Yoast SEO plugin v27.5 - https:\/\/yoast.com\/product\/yoast-seo-wordpress\/ -->\n<title>Kontakt - ClickClock<\/title>\n<meta name=\"robots\" content=\"index, follow, max-snippet:-1, max-image-preview:large, max-video-preview:-1\" \/>\n<link rel=\"canonical\" href=\"https:\/\/clickclock.work\/sq\/kontakt\/\" \/>\n<meta property=\"og:locale\" content=\"sq_AL\" \/>\n<meta property=\"og:type\" content=\"article\" \/>\n<meta property=\"og:title\" content=\"Kontakt - ClickClock\" \/>\n<meta property=\"og:description\" content=\"Gjithmon\u00eb aty p\u00ebr ju Jemi t\u00eb lumtur t\u2019ju mb\u00ebshtesim n\u00eb p\u00ebrdorimin e p\u00ebrditsh\u00ebm t\u00eb sh\u00ebrbimeve tona, duke ju ofruar sh\u00ebrbim personal dhe k\u00ebshilla kompetente nga ekipi yn\u00eb i p\u00ebrkushtuar. Q\u00ebllimi yn\u00eb \u00ebsht\u00eb t\u2019ju mund\u00ebsojm\u00eb t\u00eb p\u00ebrdorni ClickClock n\u00eb m\u00ebnyr\u00eb sa m\u00eb optimale p\u00ebrmes mb\u00ebshtetjes personale. office@clickclock.work +43 1 280 35 26\" \/>\n<meta property=\"og:url\" content=\"https:\/\/clickclock.work\/sq\/kontakt\/\" \/>\n<meta property=\"og:site_name\" content=\"ClickClock\" \/>\n<meta property=\"article:modified_time\" content=\"2025-11-12T13:24:43+00:00\" \/>\n<meta property=\"og:image\" content=\"https:\/\/clickclock.work\/wp-content\/uploads\/2024\/02\/per-jasin111aaa.png\" \/>\n\t<meta property=\"og:image:width\" content=\"1200\" \/>\n\t<meta property=\"og:image:height\" content=\"675\" \/>\n\t<meta property=\"og:image:type\" content=\"image\/png\" \/>\n<meta name=\"twitter:card\" content=\"summary_large_image\" \/>\n<script type=\"application\/ld+json\" class=\"yoast-schema-graph\">{\"@context\":\"https:\\\/\\\/schema.org\",\"@graph\":[{\"@type\":\"WebPage\",\"@id\":\"https:\\\/\\\/clickclock.work\\\/sq\\\/kontakt\\\/\",\"url\":\"https:\\\/\\\/clickclock.work\\\/sq\\\/kontakt\\\/\",\"name\":\"Kontakt - ClickClock\",\"isPartOf\":{\"@id\":\"https:\\\/\\\/clickclock.work\\\/#website\"},\"datePublished\":\"2024-01-30T08:48:41+00:00\",\"dateModified\":\"2025-11-12T13:24:43+00:00\",\"breadcrumb\":{\"@id\":\"https:\\\/\\\/clickclock.work\\\/sq\\\/kontakt\\\/#breadcrumb\"},\"inLanguage\":\"sq-AL\",\"potentialAction\":[{\"@type\":\"ReadAction\",\"target\":[\"https:\\\/\\\/clickclock.work\\\/sq\\\/kontakt\\\/\"]}]},{\"@type\":\"BreadcrumbList\",\"@id\":\"https:\\\/\\\/clickclock.work\\\/sq\\\/kontakt\\\/#breadcrumb\",\"itemListElement\":[{\"@type\":\"ListItem\",\"position\":1,\"name\":\"Startseite\",\"item\":\"https:\\\/\\\/clickclock.work\\\/sq\\\/\"},{\"@type\":\"ListItem\",\"position\":2,\"name\":\"Kontakt\"}]},{\"@type\":\"WebSite\",\"@id\":\"https:\\\/\\\/clickclock.work\\\/#website\",\"url\":\"https:\\\/\\\/clickclock.work\\\/\",\"name\":\"ClickClock\",\"description\":\"\",\"publisher\":{\"@id\":\"https:\\\/\\\/clickclock.work\\\/#organization\"},\"potentialAction\":[{\"@type\":\"SearchAction\",\"target\":{\"@type\":\"EntryPoint\",\"urlTemplate\":\"https:\\\/\\\/clickclock.work\\\/?s={search_term_string}\"},\"query-input\":{\"@type\":\"PropertyValueSpecification\",\"valueRequired\":true,\"valueName\":\"search_term_string\"}}],\"inLanguage\":\"sq-AL\"},{\"@type\":\"Organization\",\"@id\":\"https:\\\/\\\/clickclock.work\\\/#organization\",\"name\":\"ClickClock\",\"url\":\"https:\\\/\\\/clickclock.work\\\/\",\"logo\":{\"@type\":\"ImageObject\",\"inLanguage\":\"sq-AL\",\"@id\":\"https:\\\/\\\/clickclock.work\\\/#\\\/schema\\\/logo\\\/image\\\/\",\"url\":\"https:\\\/\\\/clickclock.ch\\\/wp-content\\\/uploads\\\/2024\\\/02\\\/clickclock_favicon.png\",\"contentUrl\":\"https:\\\/\\\/clickclock.ch\\\/wp-content\\\/uploads\\\/2024\\\/02\\\/clickclock_favicon.png\",\"width\":512,\"height\":512,\"caption\":\"ClickClock\"},\"image\":{\"@id\":\"https:\\\/\\\/clickclock.work\\\/#\\\/schema\\\/logo\\\/image\\\/\"},\"sameAs\":[\"https:\\\/\\\/www.instagram.com\\\/clickclock.work\\\/\"]}]}<\/script>\n<!-- \/ Yoast SEO plugin. -->","yoast_head_json":{"title":"Kontakt - ClickClock","robots":{"index":"index","follow":"follow","max-snippet":"max-snippet:-1","max-image-preview":"max-image-preview:large","max-video-preview":"max-video-preview:-1"},"canonical":"https:\/\/clickclock.work\/sq\/kontakt\/","og_locale":"sq_AL","og_type":"article","og_title":"Kontakt - ClickClock","og_description":"Gjithmon\u00eb aty p\u00ebr ju Jemi t\u00eb lumtur t\u2019ju mb\u00ebshtesim n\u00eb p\u00ebrdorimin e p\u00ebrditsh\u00ebm t\u00eb sh\u00ebrbimeve tona, duke ju ofruar sh\u00ebrbim personal dhe k\u00ebshilla kompetente nga ekipi yn\u00eb i p\u00ebrkushtuar. Q\u00ebllimi yn\u00eb \u00ebsht\u00eb t\u2019ju mund\u00ebsojm\u00eb t\u00eb p\u00ebrdorni ClickClock n\u00eb m\u00ebnyr\u00eb sa m\u00eb optimale p\u00ebrmes mb\u00ebshtetjes personale. office@clickclock.work +43 1 280 35 26","og_url":"https:\/\/clickclock.work\/sq\/kontakt\/","og_site_name":"ClickClock","article_modified_time":"2025-11-12T13:24:43+00:00","og_image":[{"width":1200,"height":675,"url":"https:\/\/clickclock.work\/wp-content\/uploads\/2024\/02\/per-jasin111aaa.png","type":"image\/png"}],"twitter_card":"summary_large_image","schema":{"@context":"https:\/\/schema.org","@graph":[{"@type":"WebPage","@id":"https:\/\/clickclock.work\/sq\/kontakt\/","url":"https:\/\/clickclock.work\/sq\/kontakt\/","name":"Kontakt - ClickClock","isPartOf":{"@id":"https:\/\/clickclock.work\/#website"},"datePublished":"2024-01-30T08:48:41+00:00","dateModified":"2025-11-12T13:24:43+00:00","breadcrumb":{"@id":"https:\/\/clickclock.work\/sq\/kontakt\/#breadcrumb"},"inLanguage":"sq-AL","potentialAction":[{"@type":"ReadAction","target":["https:\/\/clickclock.work\/sq\/kontakt\/"]}]},{"@type":"BreadcrumbList","@id":"https:\/\/clickclock.work\/sq\/kontakt\/#breadcrumb","itemListElement":[{"@type":"ListItem","position":1,"name":"Startseite","item":"https:\/\/clickclock.work\/sq\/"},{"@type":"ListItem","position":2,"name":"Kontakt"}]},{"@type":"WebSite","@id":"https:\/\/clickclock.work\/#website","url":"https:\/\/clickclock.work\/","name":"ClickClock","description":"","publisher":{"@id":"https:\/\/clickclock.work\/#organization"},"potentialAction":[{"@type":"SearchAction","target":{"@type":"EntryPoint","urlTemplate":"https:\/\/clickclock.work\/?s={search_term_string}"},"query-input":{"@type":"PropertyValueSpecification","valueRequired":true,"valueName":"search_term_string"}}],"inLanguage":"sq-AL"},{"@type":"Organization","@id":"https:\/\/clickclock.work\/#organization","name":"ClickClock","url":"https:\/\/clickclock.work\/","logo":{"@type":"ImageObject","inLanguage":"sq-AL","@id":"https:\/\/clickclock.work\/#\/schema\/logo\/image\/","url":"https:\/\/clickclock.ch\/wp-content\/uploads\/2024\/02\/clickclock_favicon.png","contentUrl":"https:\/\/clickclock.ch\/wp-content\/uploads\/2024\/02\/clickclock_favicon.png","width":512,"height":512,"caption":"ClickClock"},"image":{"@id":"https:\/\/clickclock.work\/#\/schema\/logo\/image\/"},"sameAs":["https:\/\/www.instagram.com\/clickclock.work\/"]}]}},"_links":{"self":[{"href":"https:\/\/clickclock.work\/sq\/wp-json\/wp\/v2\/pages\/700","targetHints":{"allow":["GET"]}}],"collection":[{"href":"https:\/\/clickclock.work\/sq\/wp-json\/wp\/v2\/pages"}],"about":[{"href":"https:\/\/clickclock.work\/sq\/wp-json\/wp\/v2\/types\/page"}],"author":[{"embeddable":true,"href":"https:\/\/clickclock.work\/sq\/wp-json\/wp\/v2\/users\/1"}],"replies":[{"embeddable":true,"href":"https:\/\/clickclock.work\/sq\/wp-json\/wp\/v2\/comments?post=700"}],"version-history":[{"count":2,"href":"https:\/\/clickclock.work\/sq\/wp-json\/wp\/v2\/pages\/700\/revisions"}],"predecessor-version":[{"id":1096,"href":"https:\/\/clickclock.work\/sq\/wp-json\/wp\/v2\/pages\/700\/revisions\/1096"}],"wp:attachment":[{"href":"https:\/\/clickclock.work\/sq\/wp-json\/wp\/v2\/media?parent=700"}],"curies":[{"name":"wp","href":"https:\/\/api.w.org\/{rel}","templated":true}]}}