{"id":696,"date":"2024-02-09T08:30:38","date_gmt":"2024-02-09T08:30:38","guid":{"rendered":"https:\/\/clickclock.work\/gjurme\/"},"modified":"2025-11-13T11:08:42","modified_gmt":"2025-11-13T11:08:42","slug":"gjurme","status":"publish","type":"page","link":"https:\/\/clickclock.work\/sq\/gjurme\/","title":{"rendered":"Gjurm\u00eb"},"content":{"rendered":"\n<div class=\"wp-block-columns container is-layout-flex wp-container-core-columns-is-layout-9d6595d7 wp-block-columns-is-layout-flex\">\n<div class=\"wp-block-column impressum is-layout-flow wp-block-column-is-layout-flow\">\n<div style=\"height:100px\" aria-hidden=\"true\" class=\"wp-block-spacer\"><\/div>\n\n\n\n<h1 class=\"wp-block-heading\">Gjurm\u00eb<\/h1>\n\n\n\n<div style=\"height:50px\" aria-hidden=\"true\" class=\"wp-block-spacer\"><\/div>\n\n\n\n<p><br>ClickClock \u00ebsht\u00eb nj\u00eb produkt ekskluziv nga Clickservice GmbH.<\/p>\n\n\n\n<h4 class=\"wp-block-heading\">Kontakt<\/h4>\n\n\n\n<p><strong>Personi i kontaktit<\/strong>:<\/p>\n\n\n\n<p>Clickservice GmbH<\/p>\n\n\n\n<p>An den Alten Schanzen 25\/49<br>1220 Vjen\u00eb<\/p>\n\n\n\n<p>Austria<\/p>\n\n\n\n<p>\n  Email: <a href=\"mailto:office@clickservice.at\">office@clickservice.at<\/a><br>\n  Tel.: <a href=\"tel:+4312803526\">+43 1 280 35 26<\/a>\n<\/p>\n\n\n\n<p>Numri i TVSH-s\u00eb: ATU 77662316<br>Numri i regjistrit t\u00eb kompanive: FN 572156 g<\/p>\n\n\n\n<h4 class=\"wp-block-heading\">Udh\u00ebzimet e p\u00ebrdorimit<\/h4>\n\n\n\n<p>P\u00ebrmbajtja e faqeve tona u krijuan me shum\u00eb kujdes. Megjithat\u00eb, ne nuk mund t\u00eb garantojm\u00eb q\u00eb p\u00ebrmbajtja \u00ebsht\u00eb e sakt\u00eb, e plot\u00eb ose e p\u00ebrdit\u00ebsuar. P\u00ebrdoreni n\u00eb rrezikun tuaj. Clickservice GmbH nuk marrin asnj\u00eb p\u00ebrgjegj\u00ebsi p\u00ebr p\u00ebrmbajtjen e faqeve t\u00eb internetit t\u00eb referuara n\u00ebp\u00ebrmjet lidhjeve.<\/p>\n\n\n\n<h4 class=\"wp-block-heading\">E drejta e autorit<\/h4>\n\n\n\n<p>E drejta e autorit dhe t\u00eb gjitha t\u00eb drejtat e tjera p\u00ebr p\u00ebrmbajtjen, imazhet, fotot ose skedar\u00ebt e tjer\u00eb n\u00eb k\u00ebt\u00eb faqe interneti i p\u00ebrkasin ekskluzivisht Clickservice GmbH ose mbajt\u00ebsve t\u00eb t\u00eb drejtave t\u00eb p\u00ebrmendura n\u00eb m\u00ebnyr\u00eb specifike. P\u00eblqimi me shkrim i mbajt\u00ebsit t\u00eb s\u00eb drejt\u00ebs s\u00eb autorit duhet t\u00eb merret paraprakisht p\u00ebr riprodhimin e \u00e7do elementi.<\/p>\n<\/div>\n<\/div>\n\n\n\n<div style=\"height:100px\" aria-hidden=\"true\" class=\"wp-block-spacer\"><\/div>\n","protected":false},"excerpt":{"rendered":"<p>Gjurm\u00eb ClickClock \u00ebsht\u00eb nj\u00eb produkt ekskluziv nga Clickservice GmbH. Kontakt Personi i kontaktit: Clickservice GmbH An den Alten Schanzen 25\/491220 Vjen\u00eb Austria Email: office@clickservice.at Tel.: +43 1 280 35 26 Numri i TVSH-s\u00eb: ATU 77662316Numri i regjistrit t\u00eb kompanive: FN 572156 g Udh\u00ebzimet e p\u00ebrdorimit P\u00ebrmbajtja e faqeve tona u krijuan me shum\u00eb kujdes. Megjithat\u00eb, [&hellip;]<\/p>\n","protected":false},"author":1,"featured_media":0,"parent":0,"menu_order":0,"comment_status":"closed","ping_status":"closed","template":"homepage.php","meta":{"footnotes":""},"class_list":["post-696","page","type-page","status-publish","hentry"],"yoast_head":"<!-- This site is optimized with the Yoast SEO plugin v27.5 - https:\/\/yoast.com\/product\/yoast-seo-wordpress\/ -->\n<title>Gjurm\u00eb - ClickClock<\/title>\n<meta name=\"robots\" content=\"index, follow, max-snippet:-1, max-image-preview:large, max-video-preview:-1\" \/>\n<link rel=\"canonical\" href=\"https:\/\/clickclock.work\/sq\/gjurme\/\" \/>\n<meta property=\"og:locale\" content=\"sq_AL\" \/>\n<meta property=\"og:type\" content=\"article\" \/>\n<meta property=\"og:title\" content=\"Gjurm\u00eb - ClickClock\" \/>\n<meta property=\"og:description\" content=\"Gjurm\u00eb ClickClock \u00ebsht\u00eb nj\u00eb produkt ekskluziv nga Clickservice GmbH. Kontakt Personi i kontaktit: Clickservice GmbH An den Alten Schanzen 25\/491220 Vjen\u00eb Austria Email: office@clickservice.at Tel.: +43 1 280 35 26 Numri i TVSH-s\u00eb: ATU 77662316Numri i regjistrit t\u00eb kompanive: FN 572156 g Udh\u00ebzimet e p\u00ebrdorimit P\u00ebrmbajtja e faqeve tona u krijuan me shum\u00eb kujdes. Megjithat\u00eb, [&hellip;]\" \/>\n<meta property=\"og:url\" content=\"https:\/\/clickclock.work\/sq\/gjurme\/\" \/>\n<meta property=\"og:site_name\" content=\"ClickClock\" \/>\n<meta property=\"article:modified_time\" content=\"2025-11-13T11:08:42+00:00\" \/>\n<meta property=\"og:image\" content=\"https:\/\/clickclock.work\/wp-content\/uploads\/2024\/02\/per-jasin111aaa.png\" \/>\n\t<meta property=\"og:image:width\" content=\"1200\" \/>\n\t<meta property=\"og:image:height\" content=\"675\" \/>\n\t<meta property=\"og:image:type\" content=\"image\/png\" \/>\n<meta name=\"twitter:card\" content=\"summary_large_image\" \/>\n<meta name=\"twitter:label1\" content=\"Est. reading time\" \/>\n\t<meta name=\"twitter:data1\" content=\"1 minute\" \/>\n<script type=\"application\/ld+json\" class=\"yoast-schema-graph\">{\"@context\":\"https:\\\/\\\/schema.org\",\"@graph\":[{\"@type\":\"WebPage\",\"@id\":\"https:\\\/\\\/clickclock.work\\\/sq\\\/gjurme\\\/\",\"url\":\"https:\\\/\\\/clickclock.work\\\/sq\\\/gjurme\\\/\",\"name\":\"Gjurm\u00eb - ClickClock\",\"isPartOf\":{\"@id\":\"https:\\\/\\\/clickclock.work\\\/#website\"},\"datePublished\":\"2024-02-09T08:30:38+00:00\",\"dateModified\":\"2025-11-13T11:08:42+00:00\",\"breadcrumb\":{\"@id\":\"https:\\\/\\\/clickclock.work\\\/sq\\\/gjurme\\\/#breadcrumb\"},\"inLanguage\":\"sq-AL\",\"potentialAction\":[{\"@type\":\"ReadAction\",\"target\":[\"https:\\\/\\\/clickclock.work\\\/sq\\\/gjurme\\\/\"]}]},{\"@type\":\"BreadcrumbList\",\"@id\":\"https:\\\/\\\/clickclock.work\\\/sq\\\/gjurme\\\/#breadcrumb\",\"itemListElement\":[{\"@type\":\"ListItem\",\"position\":1,\"name\":\"Startseite\",\"item\":\"https:\\\/\\\/clickclock.work\\\/sq\\\/\"},{\"@type\":\"ListItem\",\"position\":2,\"name\":\"Gjurm\u00eb\"}]},{\"@type\":\"WebSite\",\"@id\":\"https:\\\/\\\/clickclock.work\\\/#website\",\"url\":\"https:\\\/\\\/clickclock.work\\\/\",\"name\":\"ClickClock\",\"description\":\"\",\"publisher\":{\"@id\":\"https:\\\/\\\/clickclock.work\\\/#organization\"},\"potentialAction\":[{\"@type\":\"SearchAction\",\"target\":{\"@type\":\"EntryPoint\",\"urlTemplate\":\"https:\\\/\\\/clickclock.work\\\/?s={search_term_string}\"},\"query-input\":{\"@type\":\"PropertyValueSpecification\",\"valueRequired\":true,\"valueName\":\"search_term_string\"}}],\"inLanguage\":\"sq-AL\"},{\"@type\":\"Organization\",\"@id\":\"https:\\\/\\\/clickclock.work\\\/#organization\",\"name\":\"ClickClock\",\"url\":\"https:\\\/\\\/clickclock.work\\\/\",\"logo\":{\"@type\":\"ImageObject\",\"inLanguage\":\"sq-AL\",\"@id\":\"https:\\\/\\\/clickclock.work\\\/#\\\/schema\\\/logo\\\/image\\\/\",\"url\":\"https:\\\/\\\/clickclock.ch\\\/wp-content\\\/uploads\\\/2024\\\/02\\\/clickclock_favicon.png\",\"contentUrl\":\"https:\\\/\\\/clickclock.ch\\\/wp-content\\\/uploads\\\/2024\\\/02\\\/clickclock_favicon.png\",\"width\":512,\"height\":512,\"caption\":\"ClickClock\"},\"image\":{\"@id\":\"https:\\\/\\\/clickclock.work\\\/#\\\/schema\\\/logo\\\/image\\\/\"},\"sameAs\":[\"https:\\\/\\\/www.instagram.com\\\/clickclock.work\\\/\"]}]}<\/script>\n<!-- \/ Yoast SEO plugin. -->","yoast_head_json":{"title":"Gjurm\u00eb - ClickClock","robots":{"index":"index","follow":"follow","max-snippet":"max-snippet:-1","max-image-preview":"max-image-preview:large","max-video-preview":"max-video-preview:-1"},"canonical":"https:\/\/clickclock.work\/sq\/gjurme\/","og_locale":"sq_AL","og_type":"article","og_title":"Gjurm\u00eb - ClickClock","og_description":"Gjurm\u00eb ClickClock \u00ebsht\u00eb nj\u00eb produkt ekskluziv nga Clickservice GmbH. Kontakt Personi i kontaktit: Clickservice GmbH An den Alten Schanzen 25\/491220 Vjen\u00eb Austria Email: office@clickservice.at Tel.: +43 1 280 35 26 Numri i TVSH-s\u00eb: ATU 77662316Numri i regjistrit t\u00eb kompanive: FN 572156 g Udh\u00ebzimet e p\u00ebrdorimit P\u00ebrmbajtja e faqeve tona u krijuan me shum\u00eb kujdes. Megjithat\u00eb, [&hellip;]","og_url":"https:\/\/clickclock.work\/sq\/gjurme\/","og_site_name":"ClickClock","article_modified_time":"2025-11-13T11:08:42+00:00","og_image":[{"width":1200,"height":675,"url":"https:\/\/clickclock.work\/wp-content\/uploads\/2024\/02\/per-jasin111aaa.png","type":"image\/png"}],"twitter_card":"summary_large_image","twitter_misc":{"Est. reading time":"1 minute"},"schema":{"@context":"https:\/\/schema.org","@graph":[{"@type":"WebPage","@id":"https:\/\/clickclock.work\/sq\/gjurme\/","url":"https:\/\/clickclock.work\/sq\/gjurme\/","name":"Gjurm\u00eb - ClickClock","isPartOf":{"@id":"https:\/\/clickclock.work\/#website"},"datePublished":"2024-02-09T08:30:38+00:00","dateModified":"2025-11-13T11:08:42+00:00","breadcrumb":{"@id":"https:\/\/clickclock.work\/sq\/gjurme\/#breadcrumb"},"inLanguage":"sq-AL","potentialAction":[{"@type":"ReadAction","target":["https:\/\/clickclock.work\/sq\/gjurme\/"]}]},{"@type":"BreadcrumbList","@id":"https:\/\/clickclock.work\/sq\/gjurme\/#breadcrumb","itemListElement":[{"@type":"ListItem","position":1,"name":"Startseite","item":"https:\/\/clickclock.work\/sq\/"},{"@type":"ListItem","position":2,"name":"Gjurm\u00eb"}]},{"@type":"WebSite","@id":"https:\/\/clickclock.work\/#website","url":"https:\/\/clickclock.work\/","name":"ClickClock","description":"","publisher":{"@id":"https:\/\/clickclock.work\/#organization"},"potentialAction":[{"@type":"SearchAction","target":{"@type":"EntryPoint","urlTemplate":"https:\/\/clickclock.work\/?s={search_term_string}"},"query-input":{"@type":"PropertyValueSpecification","valueRequired":true,"valueName":"search_term_string"}}],"inLanguage":"sq-AL"},{"@type":"Organization","@id":"https:\/\/clickclock.work\/#organization","name":"ClickClock","url":"https:\/\/clickclock.work\/","logo":{"@type":"ImageObject","inLanguage":"sq-AL","@id":"https:\/\/clickclock.work\/#\/schema\/logo\/image\/","url":"https:\/\/clickclock.ch\/wp-content\/uploads\/2024\/02\/clickclock_favicon.png","contentUrl":"https:\/\/clickclock.ch\/wp-content\/uploads\/2024\/02\/clickclock_favicon.png","width":512,"height":512,"caption":"ClickClock"},"image":{"@id":"https:\/\/clickclock.work\/#\/schema\/logo\/image\/"},"sameAs":["https:\/\/www.instagram.com\/clickclock.work\/"]}]}},"_links":{"self":[{"href":"https:\/\/clickclock.work\/sq\/wp-json\/wp\/v2\/pages\/696","targetHints":{"allow":["GET"]}}],"collection":[{"href":"https:\/\/clickclock.work\/sq\/wp-json\/wp\/v2\/pages"}],"about":[{"href":"https:\/\/clickclock.work\/sq\/wp-json\/wp\/v2\/types\/page"}],"author":[{"embeddable":true,"href":"https:\/\/clickclock.work\/sq\/wp-json\/wp\/v2\/users\/1"}],"replies":[{"embeddable":true,"href":"https:\/\/clickclock.work\/sq\/wp-json\/wp\/v2\/comments?post=696"}],"version-history":[{"count":6,"href":"https:\/\/clickclock.work\/sq\/wp-json\/wp\/v2\/pages\/696\/revisions"}],"predecessor-version":[{"id":1223,"href":"https:\/\/clickclock.work\/sq\/wp-json\/wp\/v2\/pages\/696\/revisions\/1223"}],"wp:attachment":[{"href":"https:\/\/clickclock.work\/sq\/wp-json\/wp\/v2\/media?parent=696"}],"curies":[{"name":"wp","href":"https:\/\/api.w.org\/{rel}","templated":true}]}}